{"id":437,"date":"2022-06-15T18:15:52","date_gmt":"2022-06-15T18:15:52","guid":{"rendered":"https:\/\/truebornbeef.com\/cms\/about\/"},"modified":"2023-04-25T06:15:44","modified_gmt":"2023-04-25T06:15:44","slug":"sobre-nos","status":"publish","type":"page","link":"https:\/\/truebornbeef.com\/pt-pt\/sobre-nos\/","title":{"rendered":"Monte do Pasto"},"content":{"rendered":"\t\t<div data-elementor-type=\"wp-page\" data-elementor-id=\"437\" class=\"elementor elementor-437\" data-elementor-post-type=\"page\">\n\t\t\t\t\t\t<section class=\"elementor-section elementor-top-section elementor-element elementor-element-8d825a5 elementor-section-boxed elementor-section-height-default elementor-section-height-default\" data-id=\"8d825a5\" data-element_type=\"section\" data-e-type=\"section\">\n\t\t\t\t\t\t<div class=\"elementor-container elementor-column-gap-default\">\n\t\t\t\t\t<div class=\"elementor-column elementor-col-100 elementor-top-column elementor-element elementor-element-2e1d103\" data-id=\"2e1d103\" data-element_type=\"column\" data-e-type=\"column\">\n\t\t\t<div class=\"elementor-widget-wrap elementor-element-populated\">\n\t\t\t\t\t\t<section class=\"elementor-section elementor-inner-section elementor-element elementor-element-6189218 elementor-section-boxed elementor-section-height-default elementor-section-height-default\" data-id=\"6189218\" data-element_type=\"section\" data-e-type=\"section\">\n\t\t\t\t\t\t<div class=\"elementor-container elementor-column-gap-default\">\n\t\t\t\t\t<div class=\"elementor-column elementor-col-50 elementor-inner-column elementor-element elementor-element-8ca7198\" data-id=\"8ca7198\" data-element_type=\"column\" data-e-type=\"column\">\n\t\t\t<div class=\"elementor-widget-wrap elementor-element-populated\">\n\t\t\t\t\t\t<div class=\"elementor-element elementor-element-a93071b elementor-widget elementor-widget-image\" data-id=\"a93071b\" data-element_type=\"widget\" data-e-type=\"widget\" data-widget_type=\"image.default\">\n\t\t\t\t<div class=\"elementor-widget-container\">\n\t\t\t\t\t\t\t\t\t\t\t\t\t\t\t<img fetchpriority=\"high\" decoding=\"async\" width=\"1200\" height=\"800\" src=\"https:\/\/i0.wp.com\/truebornbeef.com\/cms\/wp-content\/uploads\/2022\/10\/Herdade_Parreiras3-min.jpg?fit=1200%2C800&amp;ssl=1\" class=\"attachment-full size-full wp-image-3182\" alt=\"\" srcset=\"https:\/\/i0.wp.com\/truebornbeef.com\/cms\/wp-content\/uploads\/2022\/10\/Herdade_Parreiras3-min.jpg?w=1200&amp;ssl=1 1200w, https:\/\/i0.wp.com\/truebornbeef.com\/cms\/wp-content\/uploads\/2022\/10\/Herdade_Parreiras3-min.jpg?resize=300%2C200&amp;ssl=1 300w, https:\/\/i0.wp.com\/truebornbeef.com\/cms\/wp-content\/uploads\/2022\/10\/Herdade_Parreiras3-min.jpg?resize=1024%2C683&amp;ssl=1 1024w, https:\/\/i0.wp.com\/truebornbeef.com\/cms\/wp-content\/uploads\/2022\/10\/Herdade_Parreiras3-min.jpg?resize=768%2C512&amp;ssl=1 768w, https:\/\/i0.wp.com\/truebornbeef.com\/cms\/wp-content\/uploads\/2022\/10\/Herdade_Parreiras3-min.jpg?resize=1000%2C667&amp;ssl=1 1000w\" sizes=\"(max-width: 800px) 100vw, 800px\" \/>\t\t\t\t\t\t\t\t\t\t\t\t\t\t\t<\/div>\n\t\t\t\t<\/div>\n\t\t\t\t\t<\/div>\n\t\t<\/div>\n\t\t\t\t<div class=\"elementor-column elementor-col-50 elementor-inner-column elementor-element elementor-element-068df5d\" data-id=\"068df5d\" data-element_type=\"column\" data-e-type=\"column\">\n\t\t\t<div class=\"elementor-widget-wrap elementor-element-populated\">\n\t\t\t\t\t\t<div class=\"elementor-element elementor-element-bf9ce66 elementor-widget elementor-widget-heading\" data-id=\"bf9ce66\" data-element_type=\"widget\" data-e-type=\"widget\" data-widget_type=\"heading.default\">\n\t\t\t\t<div class=\"elementor-widget-container\">\n\t\t\t\t\t<h1 class=\"elementor-heading-title elementor-size-default\">O Monte Do Pasto \u00c9 a Origem Da Carne True Born.<\/h1>\t\t\t\t<\/div>\n\t\t\t\t<\/div>\n\t\t\t\t<div class=\"elementor-element elementor-element-f4e1ac3 elementor-widget elementor-widget-text-editor\" data-id=\"f4e1ac3\" data-element_type=\"widget\" data-e-type=\"widget\" data-widget_type=\"text-editor.default\">\n\t\t\t\t<div class=\"elementor-widget-container\">\n\t\t\t\t\t\t\t\t\t<p>\u00c9 do nosso sistema de cria\u00e7\u00e3o ao ar livre certificado do \u201cPrado ao Prato\u201d que nasce True Born. Uma carne premium, tenra e cheia de sabor criada com paix\u00e3o e pr\u00e1ticas sustent\u00e1veis nas mais belas plan\u00edcies do Alentejo.<\/p>\t\t\t\t\t\t\t\t<\/div>\n\t\t\t\t<\/div>\n\t\t\t\t<div class=\"elementor-element elementor-element-fb1df9f elementor-widget elementor-widget-text-editor\" data-id=\"fb1df9f\" data-element_type=\"widget\" data-e-type=\"widget\" data-widget_type=\"text-editor.default\">\n\t\t\t\t<div class=\"elementor-widget-container\">\n\t\t\t\t\t\t\t\t\t<p>Cuidamos dos nossos animais com as melhores pr\u00e1ticas de bem-estar animal, protegemos a paisagem natural onde crescem e produzimos a alimenta\u00e7\u00e3o mais adequada, para oferecer a melhor carne da \u201cpastagem \u00e0 grelha\u201d com um sabor e textura distintamente \u00fanicos. <br \/>O nosso modelo de cria\u00e7\u00e3o est\u00e1 certificado em Bem-Estar Animal (\u201cWelfair\u2122\u201d) onde temos vindo a investir e inovar, atrav\u00e9s do nosso premiado projeto de inova\u00e7\u00e3o Ethical Meat \u2013 Sistema Integrado de Produ\u00e7\u00e3o Sustent\u00e1vel de carne, desenvolvido em parceria com as Universidades de \u00c9vora e Minho, e cofinanciado pelo Compete2020. <br \/>\u00c9 esta fus\u00e3o de cuidado animal, natureza, inova\u00e7\u00e3o e rigor que lhe oferecemos em cada corte True Born, uma carne saud\u00e1vel, tenra, nutritiva e cheia do sabor e sensa\u00e7\u00f5es do Alentejo.<\/p>\t\t\t\t\t\t\t\t<\/div>\n\t\t\t\t<\/div>\n\t\t\t\t<div class=\"elementor-element elementor-element-01ddd34 elementor-widget elementor-widget-button\" data-id=\"01ddd34\" data-element_type=\"widget\" data-e-type=\"widget\" data-widget_type=\"button.default\">\n\t\t\t\t<div class=\"elementor-widget-container\">\n\t\t\t\t\t\t\t\t\t<div class=\"elementor-button-wrapper\">\n\t\t\t\t\t<a class=\"elementor-button elementor-button-link elementor-size-sm\" href=\"https:\/\/montedopasto.pt\/\" target=\"_blank\">\n\t\t\t\t\t\t<span class=\"elementor-button-content-wrapper\">\n\t\t\t\t\t\t\t\t\t<span class=\"elementor-button-text\">saber mais<\/span>\n\t\t\t\t\t<\/span>\n\t\t\t\t\t<\/a>\n\t\t\t\t<\/div>\n\t\t\t\t\t\t\t\t<\/div>\n\t\t\t\t<\/div>\n\t\t\t\t\t<\/div>\n\t\t<\/div>\n\t\t\t\t\t<\/div>\n\t\t<\/section>\n\t\t\t\t\t<\/div>\n\t\t<\/div>\n\t\t\t\t\t<\/div>\n\t\t<\/section>\n\t\t\t\t<section class=\"elementor-section elementor-top-section elementor-element elementor-element-f810972 elementor-section-boxed elementor-section-height-default elementor-section-height-default\" data-id=\"f810972\" data-element_type=\"section\" data-e-type=\"section\">\n\t\t\t\t\t\t<div class=\"elementor-container elementor-column-gap-default\">\n\t\t\t\t\t<div class=\"elementor-column elementor-col-100 elementor-top-column elementor-element elementor-element-9d72c53\" data-id=\"9d72c53\" data-element_type=\"column\" data-e-type=\"column\">\n\t\t\t<div class=\"elementor-widget-wrap\">\n\t\t\t\t\t\t\t<\/div>\n\t\t<\/div>\n\t\t\t\t\t<\/div>\n\t\t<\/section>\n\t\t\t\t<\/div>\n\t\t","protected":false},"excerpt":{"rendered":"<p>O Monte Do Pasto \u00c9 a Origem Da Carne True Born. \u00c9 do nosso sistema de cria\u00e7\u00e3o ao ar livre certificado do \u201cPrado ao Prato\u201d que nasce True Born. Uma carne premium, tenra e cheia de sabor criada com paix\u00e3o e pr\u00e1ticas sustent\u00e1veis nas mais belas plan\u00edcies do Alentejo. Cuidamos dos nossos animais com as [&hellip;]<\/p>\n","protected":false},"author":1,"featured_media":0,"parent":0,"menu_order":0,"comment_status":"closed","ping_status":"closed","template":"elementor_header_footer","meta":{"footnotes":""},"class_list":["post-437","page","type-page","status-publish","hentry"],"yoast_head":"<!-- This site is optimized with the Yoast SEO plugin v27.4 - https:\/\/yoast.com\/product\/yoast-seo-wordpress\/ -->\n<title>Monte do Pasto - TrueBorn Beef<\/title>\n<meta name=\"robots\" content=\"index, follow, max-snippet:-1, max-image-preview:large, max-video-preview:-1\" \/>\n<link rel=\"canonical\" href=\"https:\/\/truebornbeef.com\/pt-pt\/sobre-nos\/\" \/>\n<meta property=\"og:locale\" content=\"pt_PT\" \/>\n<meta property=\"og:type\" content=\"article\" \/>\n<meta property=\"og:title\" content=\"Monte do Pasto - TrueBorn Beef\" \/>\n<meta property=\"og:description\" content=\"O Monte Do Pasto \u00c9 a Origem Da Carne True Born. \u00c9 do nosso sistema de cria\u00e7\u00e3o ao ar livre certificado do \u201cPrado ao Prato\u201d que nasce True Born. Uma carne premium, tenra e cheia de sabor criada com paix\u00e3o e pr\u00e1ticas sustent\u00e1veis nas mais belas plan\u00edcies do Alentejo. Cuidamos dos nossos animais com as [&hellip;]\" \/>\n<meta property=\"og:url\" content=\"https:\/\/truebornbeef.com\/pt-pt\/sobre-nos\/\" \/>\n<meta property=\"og:site_name\" content=\"TrueBorn Beef\" \/>\n<meta property=\"article:modified_time\" content=\"2023-04-25T06:15:44+00:00\" \/>\n<meta property=\"og:image\" content=\"https:\/\/truebornbeef.com\/cms\/wp-content\/uploads\/2022\/10\/Herdade_Parreiras3-min.jpg\" \/>\n<meta name=\"twitter:card\" content=\"summary_large_image\" \/>\n<meta name=\"twitter:label1\" content=\"Tempo estimado de leitura\" \/>\n\t<meta name=\"twitter:data1\" content=\"2 minutos\" \/>\n<script type=\"application\/ld+json\" class=\"yoast-schema-graph\">{\"@context\":\"https:\\\/\\\/schema.org\",\"@graph\":[{\"@type\":\"WebPage\",\"@id\":\"https:\\\/\\\/truebornbeef.com\\\/pt-pt\\\/sobre-nos\\\/\",\"url\":\"https:\\\/\\\/truebornbeef.com\\\/pt-pt\\\/sobre-nos\\\/\",\"name\":\"Monte do Pasto - TrueBorn Beef\",\"isPartOf\":{\"@id\":\"https:\\\/\\\/truebornbeef.com\\\/pt-pt\\\/#website\"},\"primaryImageOfPage\":{\"@id\":\"https:\\\/\\\/truebornbeef.com\\\/pt-pt\\\/sobre-nos\\\/#primaryimage\"},\"image\":{\"@id\":\"https:\\\/\\\/truebornbeef.com\\\/pt-pt\\\/sobre-nos\\\/#primaryimage\"},\"thumbnailUrl\":\"https:\\\/\\\/truebornbeef.com\\\/cms\\\/wp-content\\\/uploads\\\/2022\\\/10\\\/Herdade_Parreiras3-min.jpg\",\"datePublished\":\"2022-06-15T18:15:52+00:00\",\"dateModified\":\"2023-04-25T06:15:44+00:00\",\"breadcrumb\":{\"@id\":\"https:\\\/\\\/truebornbeef.com\\\/pt-pt\\\/sobre-nos\\\/#breadcrumb\"},\"inLanguage\":\"pt-PT\",\"potentialAction\":[{\"@type\":\"ReadAction\",\"target\":[\"https:\\\/\\\/truebornbeef.com\\\/pt-pt\\\/sobre-nos\\\/\"]}]},{\"@type\":\"ImageObject\",\"inLanguage\":\"pt-PT\",\"@id\":\"https:\\\/\\\/truebornbeef.com\\\/pt-pt\\\/sobre-nos\\\/#primaryimage\",\"url\":\"https:\\\/\\\/truebornbeef.com\\\/cms\\\/wp-content\\\/uploads\\\/2022\\\/10\\\/Herdade_Parreiras3-min.jpg\",\"contentUrl\":\"https:\\\/\\\/truebornbeef.com\\\/cms\\\/wp-content\\\/uploads\\\/2022\\\/10\\\/Herdade_Parreiras3-min.jpg\"},{\"@type\":\"BreadcrumbList\",\"@id\":\"https:\\\/\\\/truebornbeef.com\\\/pt-pt\\\/sobre-nos\\\/#breadcrumb\",\"itemListElement\":[{\"@type\":\"ListItem\",\"position\":1,\"name\":\"Home\",\"item\":\"https:\\\/\\\/truebornbeef.com\\\/pt-pt\\\/\"},{\"@type\":\"ListItem\",\"position\":2,\"name\":\"Monte do Pasto\"}]},{\"@type\":\"WebSite\",\"@id\":\"https:\\\/\\\/truebornbeef.com\\\/pt-pt\\\/#website\",\"url\":\"https:\\\/\\\/truebornbeef.com\\\/pt-pt\\\/\",\"name\":\"TrueBorn Beef\",\"description\":\"The Ultimate Grill Experience\",\"publisher\":{\"@id\":\"https:\\\/\\\/truebornbeef.com\\\/pt-pt\\\/#organization\"},\"potentialAction\":[{\"@type\":\"SearchAction\",\"target\":{\"@type\":\"EntryPoint\",\"urlTemplate\":\"https:\\\/\\\/truebornbeef.com\\\/pt-pt\\\/?s={search_term_string}\"},\"query-input\":{\"@type\":\"PropertyValueSpecification\",\"valueRequired\":true,\"valueName\":\"search_term_string\"}}],\"inLanguage\":\"pt-PT\"},{\"@type\":\"Organization\",\"@id\":\"https:\\\/\\\/truebornbeef.com\\\/pt-pt\\\/#organization\",\"name\":\"TrueBorn Beef\",\"url\":\"https:\\\/\\\/truebornbeef.com\\\/pt-pt\\\/\",\"logo\":{\"@type\":\"ImageObject\",\"inLanguage\":\"pt-PT\",\"@id\":\"https:\\\/\\\/truebornbeef.com\\\/pt-pt\\\/#\\\/schema\\\/logo\\\/image\\\/\",\"url\":\"https:\\\/\\\/i0.wp.com\\\/truebornbeef.com\\\/cms\\\/wp-content\\\/uploads\\\/2022\\\/05\\\/trueborn-logo.png?fit=85%2C48&ssl=1\",\"contentUrl\":\"https:\\\/\\\/i0.wp.com\\\/truebornbeef.com\\\/cms\\\/wp-content\\\/uploads\\\/2022\\\/05\\\/trueborn-logo.png?fit=85%2C48&ssl=1\",\"width\":85,\"height\":48,\"caption\":\"TrueBorn Beef\"},\"image\":{\"@id\":\"https:\\\/\\\/truebornbeef.com\\\/pt-pt\\\/#\\\/schema\\\/logo\\\/image\\\/\"}}]}<\/script>\n<!-- \/ Yoast SEO plugin. -->","yoast_head_json":{"title":"Monte do Pasto - TrueBorn Beef","robots":{"index":"index","follow":"follow","max-snippet":"max-snippet:-1","max-image-preview":"max-image-preview:large","max-video-preview":"max-video-preview:-1"},"canonical":"https:\/\/truebornbeef.com\/pt-pt\/sobre-nos\/","og_locale":"pt_PT","og_type":"article","og_title":"Monte do Pasto - TrueBorn Beef","og_description":"O Monte Do Pasto \u00c9 a Origem Da Carne True Born. \u00c9 do nosso sistema de cria\u00e7\u00e3o ao ar livre certificado do \u201cPrado ao Prato\u201d que nasce True Born. Uma carne premium, tenra e cheia de sabor criada com paix\u00e3o e pr\u00e1ticas sustent\u00e1veis nas mais belas plan\u00edcies do Alentejo. Cuidamos dos nossos animais com as [&hellip;]","og_url":"https:\/\/truebornbeef.com\/pt-pt\/sobre-nos\/","og_site_name":"TrueBorn Beef","article_modified_time":"2023-04-25T06:15:44+00:00","og_image":[{"url":"https:\/\/truebornbeef.com\/cms\/wp-content\/uploads\/2022\/10\/Herdade_Parreiras3-min.jpg","type":"","width":"","height":""}],"twitter_card":"summary_large_image","twitter_misc":{"Tempo estimado de leitura":"2 minutos"},"schema":{"@context":"https:\/\/schema.org","@graph":[{"@type":"WebPage","@id":"https:\/\/truebornbeef.com\/pt-pt\/sobre-nos\/","url":"https:\/\/truebornbeef.com\/pt-pt\/sobre-nos\/","name":"Monte do Pasto - TrueBorn Beef","isPartOf":{"@id":"https:\/\/truebornbeef.com\/pt-pt\/#website"},"primaryImageOfPage":{"@id":"https:\/\/truebornbeef.com\/pt-pt\/sobre-nos\/#primaryimage"},"image":{"@id":"https:\/\/truebornbeef.com\/pt-pt\/sobre-nos\/#primaryimage"},"thumbnailUrl":"https:\/\/truebornbeef.com\/cms\/wp-content\/uploads\/2022\/10\/Herdade_Parreiras3-min.jpg","datePublished":"2022-06-15T18:15:52+00:00","dateModified":"2023-04-25T06:15:44+00:00","breadcrumb":{"@id":"https:\/\/truebornbeef.com\/pt-pt\/sobre-nos\/#breadcrumb"},"inLanguage":"pt-PT","potentialAction":[{"@type":"ReadAction","target":["https:\/\/truebornbeef.com\/pt-pt\/sobre-nos\/"]}]},{"@type":"ImageObject","inLanguage":"pt-PT","@id":"https:\/\/truebornbeef.com\/pt-pt\/sobre-nos\/#primaryimage","url":"https:\/\/truebornbeef.com\/cms\/wp-content\/uploads\/2022\/10\/Herdade_Parreiras3-min.jpg","contentUrl":"https:\/\/truebornbeef.com\/cms\/wp-content\/uploads\/2022\/10\/Herdade_Parreiras3-min.jpg"},{"@type":"BreadcrumbList","@id":"https:\/\/truebornbeef.com\/pt-pt\/sobre-nos\/#breadcrumb","itemListElement":[{"@type":"ListItem","position":1,"name":"Home","item":"https:\/\/truebornbeef.com\/pt-pt\/"},{"@type":"ListItem","position":2,"name":"Monte do Pasto"}]},{"@type":"WebSite","@id":"https:\/\/truebornbeef.com\/pt-pt\/#website","url":"https:\/\/truebornbeef.com\/pt-pt\/","name":"TrueBorn Beef","description":"The Ultimate Grill Experience","publisher":{"@id":"https:\/\/truebornbeef.com\/pt-pt\/#organization"},"potentialAction":[{"@type":"SearchAction","target":{"@type":"EntryPoint","urlTemplate":"https:\/\/truebornbeef.com\/pt-pt\/?s={search_term_string}"},"query-input":{"@type":"PropertyValueSpecification","valueRequired":true,"valueName":"search_term_string"}}],"inLanguage":"pt-PT"},{"@type":"Organization","@id":"https:\/\/truebornbeef.com\/pt-pt\/#organization","name":"TrueBorn Beef","url":"https:\/\/truebornbeef.com\/pt-pt\/","logo":{"@type":"ImageObject","inLanguage":"pt-PT","@id":"https:\/\/truebornbeef.com\/pt-pt\/#\/schema\/logo\/image\/","url":"https:\/\/i0.wp.com\/truebornbeef.com\/cms\/wp-content\/uploads\/2022\/05\/trueborn-logo.png?fit=85%2C48&ssl=1","contentUrl":"https:\/\/i0.wp.com\/truebornbeef.com\/cms\/wp-content\/uploads\/2022\/05\/trueborn-logo.png?fit=85%2C48&ssl=1","width":85,"height":48,"caption":"TrueBorn Beef"},"image":{"@id":"https:\/\/truebornbeef.com\/pt-pt\/#\/schema\/logo\/image\/"}}]}},"jetpack_sharing_enabled":true,"_links":{"self":[{"href":"https:\/\/truebornbeef.com\/pt-pt\/wp-json\/wp\/v2\/pages\/437","targetHints":{"allow":["GET"]}}],"collection":[{"href":"https:\/\/truebornbeef.com\/pt-pt\/wp-json\/wp\/v2\/pages"}],"about":[{"href":"https:\/\/truebornbeef.com\/pt-pt\/wp-json\/wp\/v2\/types\/page"}],"author":[{"embeddable":true,"href":"https:\/\/truebornbeef.com\/pt-pt\/wp-json\/wp\/v2\/users\/1"}],"replies":[{"embeddable":true,"href":"https:\/\/truebornbeef.com\/pt-pt\/wp-json\/wp\/v2\/comments?post=437"}],"version-history":[{"count":0,"href":"https:\/\/truebornbeef.com\/pt-pt\/wp-json\/wp\/v2\/pages\/437\/revisions"}],"wp:attachment":[{"href":"https:\/\/truebornbeef.com\/pt-pt\/wp-json\/wp\/v2\/media?parent=437"}],"curies":[{"name":"wp","href":"https:\/\/api.w.org\/{rel}","templated":true}]}}