{"id":406,"date":"2022-06-15T18:15:47","date_gmt":"2022-06-15T18:15:47","guid":{"rendered":"https:\/\/truebornbeef.com\/cms\/my-account-2\/"},"modified":"2022-10-19T01:38:36","modified_gmt":"2022-10-19T01:38:36","slug":"minha-conta","status":"publish","type":"page","link":"https:\/\/truebornbeef.com\/pt-pt\/minha-conta\/","title":{"rendered":"Minha conta"},"content":{"rendered":"\t\t<div data-elementor-type=\"wp-page\" data-elementor-id=\"406\" class=\"elementor elementor-406\" data-elementor-post-type=\"page\">\n\t\t\t\t\t\t<section class=\"elementor-section elementor-top-section elementor-element elementor-element-335fc5ea elementor-section-height-min-height elementor-section-items-bottom elementor-section-content-middle elementor-section-boxed elementor-section-height-default\" data-id=\"335fc5ea\" data-element_type=\"section\" data-e-type=\"section\">\n\t\t\t\t\t\t<div class=\"elementor-container elementor-column-gap-no\">\n\t\t\t\t\t<div class=\"elementor-column elementor-col-100 elementor-top-column elementor-element elementor-element-7c44a3f\" data-id=\"7c44a3f\" data-element_type=\"column\" data-e-type=\"column\">\n\t\t\t<div class=\"elementor-widget-wrap elementor-element-populated\">\n\t\t\t\t\t\t<div class=\"elementor-element elementor-element-6b688d9f elementor-widget elementor-widget-heading\" data-id=\"6b688d9f\" data-element_type=\"widget\" data-e-type=\"widget\" data-widget_type=\"heading.default\">\n\t\t\t\t<div class=\"elementor-widget-container\">\n\t\t\t\t\t<h1 class=\"elementor-heading-title elementor-size-default\">Minha conta<\/h1>\t\t\t\t<\/div>\n\t\t\t\t<\/div>\n\t\t\t\t\t<\/div>\n\t\t<\/div>\n\t\t\t\t\t<\/div>\n\t\t<\/section>\n\t\t\t\t<section class=\"elementor-section elementor-top-section elementor-element elementor-element-4cc9a6f elementor-section-boxed elementor-section-height-default elementor-section-height-default\" data-id=\"4cc9a6f\" data-element_type=\"section\" data-e-type=\"section\">\n\t\t\t\t\t\t<div class=\"elementor-container elementor-column-gap-no\">\n\t\t\t\t\t<div class=\"elementor-column elementor-col-100 elementor-top-column elementor-element elementor-element-43a9ce0d\" data-id=\"43a9ce0d\" data-element_type=\"column\" data-e-type=\"column\">\n\t\t\t<div class=\"elementor-widget-wrap elementor-element-populated\">\n\t\t\t\t\t\t<div class=\"elementor-element elementor-element-77739ff9 e-my-account-tabs-vertical elementor-widget elementor-widget-woocommerce-my-account\" data-id=\"77739ff9\" data-element_type=\"widget\" data-e-type=\"widget\" data-widget_type=\"woocommerce-my-account.default\">\n\t\t\t\t<div class=\"elementor-widget-container\">\n\t\t\t\t\t<div class=\"e-my-account-tab e-my-account-tab__ \">\t\t\t<div class=\"woocommerce\"><\/div>\t\t<\/div>\n\t\t\t\t\t\t<\/div>\n\t\t\t\t<\/div>\n\t\t\t\t\t<\/div>\n\t\t<\/div>\n\t\t\t\t\t<\/div>\n\t\t<\/section>\n\t\t\t\t<\/div>\n\t\t","protected":false},"excerpt":{"rendered":"<p>Minha conta Resumo Encomendas Downloads Moradas Detalhe Conta Sair Ol\u00e1 admin (n\u00e3o \u00e9 admin? Sair) No painel da sua conta pode ver as encomendas mais recentes, gerir as moradas de envio e de factura\u00e7\u00e3o e editar os detalhes e a senha da conta.<\/p>\n","protected":false},"author":1,"featured_media":0,"parent":0,"menu_order":0,"comment_status":"closed","ping_status":"closed","template":"elementor_header_footer","meta":{"footnotes":""},"class_list":["post-406","page","type-page","status-publish","hentry"],"yoast_head":"<!-- This site is optimized with the Yoast SEO plugin v27.4 - https:\/\/yoast.com\/product\/yoast-seo-wordpress\/ -->\n<title>Minha conta - TrueBorn Beef<\/title>\n<meta name=\"robots\" content=\"index, follow, max-snippet:-1, max-image-preview:large, max-video-preview:-1\" \/>\n<link rel=\"canonical\" href=\"https:\/\/truebornbeef.com\/pt-pt\/minha-conta\/\" \/>\n<meta property=\"og:locale\" content=\"pt_PT\" \/>\n<meta property=\"og:type\" content=\"article\" \/>\n<meta property=\"og:title\" content=\"Minha conta - TrueBorn Beef\" \/>\n<meta property=\"og:description\" content=\"Minha conta Resumo Encomendas Downloads Moradas Detalhe Conta Sair Ol\u00e1 admin (n\u00e3o \u00e9 admin? Sair) No painel da sua conta pode ver as encomendas mais recentes, gerir as moradas de envio e de factura\u00e7\u00e3o e editar os detalhes e a senha da conta.\" \/>\n<meta property=\"og:url\" content=\"https:\/\/truebornbeef.com\/pt-pt\/minha-conta\/\" \/>\n<meta property=\"og:site_name\" content=\"TrueBorn Beef\" \/>\n<meta property=\"article:modified_time\" content=\"2022-10-19T01:38:36+00:00\" \/>\n<meta name=\"twitter:card\" content=\"summary_large_image\" \/>\n<meta name=\"twitter:label1\" content=\"Tempo estimado de leitura\" \/>\n\t<meta name=\"twitter:data1\" content=\"1 minuto\" \/>\n<script type=\"application\/ld+json\" class=\"yoast-schema-graph\">{\"@context\":\"https:\\\/\\\/schema.org\",\"@graph\":[{\"@type\":\"WebPage\",\"@id\":\"https:\\\/\\\/truebornbeef.com\\\/pt-pt\\\/minha-conta\\\/\",\"url\":\"https:\\\/\\\/truebornbeef.com\\\/pt-pt\\\/minha-conta\\\/\",\"name\":\"Minha conta - TrueBorn Beef\",\"isPartOf\":{\"@id\":\"https:\\\/\\\/truebornbeef.com\\\/pt-pt\\\/#website\"},\"datePublished\":\"2022-06-15T18:15:47+00:00\",\"dateModified\":\"2022-10-19T01:38:36+00:00\",\"breadcrumb\":{\"@id\":\"https:\\\/\\\/truebornbeef.com\\\/pt-pt\\\/minha-conta\\\/#breadcrumb\"},\"inLanguage\":\"pt-PT\",\"potentialAction\":[{\"@type\":\"ReadAction\",\"target\":[\"https:\\\/\\\/truebornbeef.com\\\/pt-pt\\\/minha-conta\\\/\"]}]},{\"@type\":\"BreadcrumbList\",\"@id\":\"https:\\\/\\\/truebornbeef.com\\\/pt-pt\\\/minha-conta\\\/#breadcrumb\",\"itemListElement\":[{\"@type\":\"ListItem\",\"position\":1,\"name\":\"Home\",\"item\":\"https:\\\/\\\/truebornbeef.com\\\/pt-pt\\\/\"},{\"@type\":\"ListItem\",\"position\":2,\"name\":\"Minha conta\"}]},{\"@type\":\"WebSite\",\"@id\":\"https:\\\/\\\/truebornbeef.com\\\/pt-pt\\\/#website\",\"url\":\"https:\\\/\\\/truebornbeef.com\\\/pt-pt\\\/\",\"name\":\"TrueBorn Beef\",\"description\":\"The Ultimate Grill Experience\",\"publisher\":{\"@id\":\"https:\\\/\\\/truebornbeef.com\\\/pt-pt\\\/#organization\"},\"potentialAction\":[{\"@type\":\"SearchAction\",\"target\":{\"@type\":\"EntryPoint\",\"urlTemplate\":\"https:\\\/\\\/truebornbeef.com\\\/pt-pt\\\/?s={search_term_string}\"},\"query-input\":{\"@type\":\"PropertyValueSpecification\",\"valueRequired\":true,\"valueName\":\"search_term_string\"}}],\"inLanguage\":\"pt-PT\"},{\"@type\":\"Organization\",\"@id\":\"https:\\\/\\\/truebornbeef.com\\\/pt-pt\\\/#organization\",\"name\":\"TrueBorn Beef\",\"url\":\"https:\\\/\\\/truebornbeef.com\\\/pt-pt\\\/\",\"logo\":{\"@type\":\"ImageObject\",\"inLanguage\":\"pt-PT\",\"@id\":\"https:\\\/\\\/truebornbeef.com\\\/pt-pt\\\/#\\\/schema\\\/logo\\\/image\\\/\",\"url\":\"https:\\\/\\\/i0.wp.com\\\/truebornbeef.com\\\/cms\\\/wp-content\\\/uploads\\\/2022\\\/05\\\/trueborn-logo.png?fit=85%2C48&ssl=1\",\"contentUrl\":\"https:\\\/\\\/i0.wp.com\\\/truebornbeef.com\\\/cms\\\/wp-content\\\/uploads\\\/2022\\\/05\\\/trueborn-logo.png?fit=85%2C48&ssl=1\",\"width\":85,\"height\":48,\"caption\":\"TrueBorn Beef\"},\"image\":{\"@id\":\"https:\\\/\\\/truebornbeef.com\\\/pt-pt\\\/#\\\/schema\\\/logo\\\/image\\\/\"}}]}<\/script>\n<!-- \/ Yoast SEO plugin. -->","yoast_head_json":{"title":"Minha conta - TrueBorn Beef","robots":{"index":"index","follow":"follow","max-snippet":"max-snippet:-1","max-image-preview":"max-image-preview:large","max-video-preview":"max-video-preview:-1"},"canonical":"https:\/\/truebornbeef.com\/pt-pt\/minha-conta\/","og_locale":"pt_PT","og_type":"article","og_title":"Minha conta - TrueBorn Beef","og_description":"Minha conta Resumo Encomendas Downloads Moradas Detalhe Conta Sair Ol\u00e1 admin (n\u00e3o \u00e9 admin? Sair) No painel da sua conta pode ver as encomendas mais recentes, gerir as moradas de envio e de factura\u00e7\u00e3o e editar os detalhes e a senha da conta.","og_url":"https:\/\/truebornbeef.com\/pt-pt\/minha-conta\/","og_site_name":"TrueBorn Beef","article_modified_time":"2022-10-19T01:38:36+00:00","twitter_card":"summary_large_image","twitter_misc":{"Tempo estimado de leitura":"1 minuto"},"schema":{"@context":"https:\/\/schema.org","@graph":[{"@type":"WebPage","@id":"https:\/\/truebornbeef.com\/pt-pt\/minha-conta\/","url":"https:\/\/truebornbeef.com\/pt-pt\/minha-conta\/","name":"Minha conta - TrueBorn Beef","isPartOf":{"@id":"https:\/\/truebornbeef.com\/pt-pt\/#website"},"datePublished":"2022-06-15T18:15:47+00:00","dateModified":"2022-10-19T01:38:36+00:00","breadcrumb":{"@id":"https:\/\/truebornbeef.com\/pt-pt\/minha-conta\/#breadcrumb"},"inLanguage":"pt-PT","potentialAction":[{"@type":"ReadAction","target":["https:\/\/truebornbeef.com\/pt-pt\/minha-conta\/"]}]},{"@type":"BreadcrumbList","@id":"https:\/\/truebornbeef.com\/pt-pt\/minha-conta\/#breadcrumb","itemListElement":[{"@type":"ListItem","position":1,"name":"Home","item":"https:\/\/truebornbeef.com\/pt-pt\/"},{"@type":"ListItem","position":2,"name":"Minha conta"}]},{"@type":"WebSite","@id":"https:\/\/truebornbeef.com\/pt-pt\/#website","url":"https:\/\/truebornbeef.com\/pt-pt\/","name":"TrueBorn Beef","description":"The Ultimate Grill Experience","publisher":{"@id":"https:\/\/truebornbeef.com\/pt-pt\/#organization"},"potentialAction":[{"@type":"SearchAction","target":{"@type":"EntryPoint","urlTemplate":"https:\/\/truebornbeef.com\/pt-pt\/?s={search_term_string}"},"query-input":{"@type":"PropertyValueSpecification","valueRequired":true,"valueName":"search_term_string"}}],"inLanguage":"pt-PT"},{"@type":"Organization","@id":"https:\/\/truebornbeef.com\/pt-pt\/#organization","name":"TrueBorn Beef","url":"https:\/\/truebornbeef.com\/pt-pt\/","logo":{"@type":"ImageObject","inLanguage":"pt-PT","@id":"https:\/\/truebornbeef.com\/pt-pt\/#\/schema\/logo\/image\/","url":"https:\/\/i0.wp.com\/truebornbeef.com\/cms\/wp-content\/uploads\/2022\/05\/trueborn-logo.png?fit=85%2C48&ssl=1","contentUrl":"https:\/\/i0.wp.com\/truebornbeef.com\/cms\/wp-content\/uploads\/2022\/05\/trueborn-logo.png?fit=85%2C48&ssl=1","width":85,"height":48,"caption":"TrueBorn Beef"},"image":{"@id":"https:\/\/truebornbeef.com\/pt-pt\/#\/schema\/logo\/image\/"}}]}},"jetpack_sharing_enabled":true,"_links":{"self":[{"href":"https:\/\/truebornbeef.com\/pt-pt\/wp-json\/wp\/v2\/pages\/406","targetHints":{"allow":["GET"]}}],"collection":[{"href":"https:\/\/truebornbeef.com\/pt-pt\/wp-json\/wp\/v2\/pages"}],"about":[{"href":"https:\/\/truebornbeef.com\/pt-pt\/wp-json\/wp\/v2\/types\/page"}],"author":[{"embeddable":true,"href":"https:\/\/truebornbeef.com\/pt-pt\/wp-json\/wp\/v2\/users\/1"}],"replies":[{"embeddable":true,"href":"https:\/\/truebornbeef.com\/pt-pt\/wp-json\/wp\/v2\/comments?post=406"}],"version-history":[{"count":0,"href":"https:\/\/truebornbeef.com\/pt-pt\/wp-json\/wp\/v2\/pages\/406\/revisions"}],"wp:attachment":[{"href":"https:\/\/truebornbeef.com\/pt-pt\/wp-json\/wp\/v2\/media?parent=406"}],"curies":[{"name":"wp","href":"https:\/\/api.w.org\/{rel}","templated":true}]}}