{"id":3087,"date":"2022-10-04T11:06:17","date_gmt":"2022-10-04T11:06:17","guid":{"rendered":"https:\/\/truebornbeef.com\/cms\/?page_id=3087"},"modified":"2022-10-04T11:08:24","modified_gmt":"2022-10-04T11:08:24","slug":"perguntas-frequentes-produto","status":"publish","type":"page","link":"https:\/\/truebornbeef.com\/pt-pt\/perguntas-frequentes-produto\/","title":{"rendered":"Perguntas Frequentes"},"content":{"rendered":"\t\t<div data-elementor-type=\"wp-page\" data-elementor-id=\"3087\" class=\"elementor elementor-3087\" data-elementor-post-type=\"page\">\n\t\t\t\t\t\t<section class=\"elementor-section elementor-top-section elementor-element elementor-element-7bb3dcce elementor-section-height-min-height elementor-section-items-bottom elementor-section-boxed elementor-section-height-default\" data-id=\"7bb3dcce\" data-element_type=\"section\" data-e-type=\"section\">\n\t\t\t\t\t\t<div class=\"elementor-container elementor-column-gap-no\">\n\t\t\t\t\t<div class=\"elementor-column elementor-col-100 elementor-top-column elementor-element elementor-element-435cc2e5\" data-id=\"435cc2e5\" data-element_type=\"column\" data-e-type=\"column\">\n\t\t\t<div class=\"elementor-widget-wrap elementor-element-populated\">\n\t\t\t\t\t\t<div class=\"elementor-element elementor-element-10b885bf elementor-widget elementor-widget-heading\" data-id=\"10b885bf\" data-element_type=\"widget\" data-e-type=\"widget\" data-widget_type=\"heading.default\">\n\t\t\t\t<div class=\"elementor-widget-container\">\n\t\t\t\t\t<h5 class=\"elementor-heading-title elementor-size-default\">Perguntas Frequentes<\/h5>\t\t\t\t<\/div>\n\t\t\t\t<\/div>\n\t\t\t\t<div class=\"elementor-element elementor-element-4908925a elementor-widget elementor-widget-heading\" data-id=\"4908925a\" data-element_type=\"widget\" data-e-type=\"widget\" data-widget_type=\"heading.default\">\n\t\t\t\t<div class=\"elementor-widget-container\">\n\t\t\t\t\t<h1 class=\"elementor-heading-title elementor-size-default\">Produto<\/h1>\t\t\t\t<\/div>\n\t\t\t\t<\/div>\n\t\t\t\t<div class=\"elementor-element elementor-element-2fb392dc elementor-widget elementor-widget-toggle\" data-id=\"2fb392dc\" data-element_type=\"widget\" data-e-type=\"widget\" data-widget_type=\"toggle.default\">\n\t\t\t\t<div class=\"elementor-widget-container\">\n\t\t\t\t\t\t\t<div class=\"elementor-toggle\">\n\t\t\t\t\t\t\t<div class=\"elementor-toggle-item\">\n\t\t\t\t\t<div id=\"elementor-tab-title-8001\" class=\"elementor-tab-title\" data-tab=\"1\" role=\"button\" aria-controls=\"elementor-tab-content-8001\" aria-expanded=\"false\">\n\t\t\t\t\t\t\t\t\t\t\t\t<span class=\"elementor-toggle-icon elementor-toggle-icon-right\" aria-hidden=\"true\">\n\t\t\t\t\t\t\t\t\t\t\t\t\t\t\t<span class=\"elementor-toggle-icon-closed\"><svg xmlns=\"http:\/\/www.w3.org\/2000\/svg\" id=\"ab1177c9-fb20-4263-9ebc-6f3bd964df82\" data-name=\"afba7dac-e774-4062-b1f6-f0f6702c3dce\" viewBox=\"0 0 20.6822 20.6822\"><polygon points=\"5.851 13.838 10.265 18.63 10.773 18.097 10.791 18.097 10.791 18.078 14.831 13.844 14.107 13.154 10.786 16.635 10.732 2.052 9.732 2.056 9.786 16.634 6.587 13.16 5.851 13.838\"><\/polygon><rect width=\"20.6822\" height=\"20.6822\" style=\"fill:none\"><\/rect><\/svg><\/span>\n\t\t\t\t\t\t\t\t<span class=\"elementor-toggle-icon-opened\"><svg xmlns=\"http:\/\/www.w3.org\/2000\/svg\" id=\"bd15c69f-782a-4e52-b822-774624a64299\" data-name=\"afba7dac-e774-4062-b1f6-f0f6702c3dce\" viewBox=\"0 0 20.6822 20.6822\"><polygon points=\"14.831 6.844 10.417 2.052 9.909 2.585 9.891 2.585 9.891 2.604 5.851 6.838 6.575 7.528 9.896 4.047 9.95 18.63 10.95 18.626 10.896 4.048 14.095 7.522 14.831 6.844\"><\/polygon><rect width=\"20.6822\" height=\"20.6822\" style=\"fill:none\"><\/rect><\/svg><\/span>\n\t\t\t\t\t\t\t\t\t\t\t\t\t<\/span>\n\t\t\t\t\t\t\t\t\t\t\t\t<a class=\"elementor-toggle-title\" tabindex=\"0\">Como \u00e9 vendida a carne?<\/a>\n\t\t\t\t\t<\/div>\n\n\t\t\t\t\t<div id=\"elementor-tab-content-8001\" class=\"elementor-tab-content elementor-clearfix\" data-tab=\"1\" role=\"region\" aria-labelledby=\"elementor-tab-title-8001\"><p>A nossa carne \u00e9 vendida, consoante o tipo de produto:<\/p><ul><li>Ao Kilo. Neste caso poder\u00e1 escolher o peso aproximado do produto (ex: at\u00e9 250g, at\u00e9 300g, at\u00e9 400g);<\/li><\/ul><p>\u00a0<\/p><ul><li>\u00c0 unidade.<\/li><\/ul><\/div>\n\t\t\t\t<\/div>\n\t\t\t\t\t\t\t<div class=\"elementor-toggle-item\">\n\t\t\t\t\t<div id=\"elementor-tab-title-8002\" class=\"elementor-tab-title\" data-tab=\"2\" role=\"button\" aria-controls=\"elementor-tab-content-8002\" aria-expanded=\"false\">\n\t\t\t\t\t\t\t\t\t\t\t\t<span class=\"elementor-toggle-icon elementor-toggle-icon-right\" aria-hidden=\"true\">\n\t\t\t\t\t\t\t\t\t\t\t\t\t\t\t<span class=\"elementor-toggle-icon-closed\"><svg xmlns=\"http:\/\/www.w3.org\/2000\/svg\" id=\"ab1177c9-fb20-4263-9ebc-6f3bd964df82\" data-name=\"afba7dac-e774-4062-b1f6-f0f6702c3dce\" viewBox=\"0 0 20.6822 20.6822\"><polygon points=\"5.851 13.838 10.265 18.63 10.773 18.097 10.791 18.097 10.791 18.078 14.831 13.844 14.107 13.154 10.786 16.635 10.732 2.052 9.732 2.056 9.786 16.634 6.587 13.16 5.851 13.838\"><\/polygon><rect width=\"20.6822\" height=\"20.6822\" style=\"fill:none\"><\/rect><\/svg><\/span>\n\t\t\t\t\t\t\t\t<span class=\"elementor-toggle-icon-opened\"><svg xmlns=\"http:\/\/www.w3.org\/2000\/svg\" id=\"bd15c69f-782a-4e52-b822-774624a64299\" data-name=\"afba7dac-e774-4062-b1f6-f0f6702c3dce\" viewBox=\"0 0 20.6822 20.6822\"><polygon points=\"14.831 6.844 10.417 2.052 9.909 2.585 9.891 2.585 9.891 2.604 5.851 6.838 6.575 7.528 9.896 4.047 9.95 18.63 10.95 18.626 10.896 4.048 14.095 7.522 14.831 6.844\"><\/polygon><rect width=\"20.6822\" height=\"20.6822\" style=\"fill:none\"><\/rect><\/svg><\/span>\n\t\t\t\t\t\t\t\t\t\t\t\t\t<\/span>\n\t\t\t\t\t\t\t\t\t\t\t\t<a class=\"elementor-toggle-title\" tabindex=\"0\">Qual a origem da carne True Born?<\/a>\n\t\t\t\t\t<\/div>\n\n\t\t\t\t\t<div id=\"elementor-tab-content-8002\" class=\"elementor-tab-content elementor-clearfix\" data-tab=\"2\" role=\"region\" aria-labelledby=\"elementor-tab-title-8002\"><p>A carne True Born \u00e9 criada no Monte do Pasto, nas mais belas plan\u00edcies do sul de Portugal.<\/p><p>Preocupamo-nos com o bem-estar dos nossos animais e protegemos a paisagem natural onde eles crescem.<\/p><p>Os nossos sistemas integrados de cria\u00e7\u00e3o e produ\u00e7\u00e3o de carne trabalham em harmonia para lhe oferecer uma \u00f3tima refei\u00e7\u00e3o, do prado ao prato.<\/p><\/div>\n\t\t\t\t<\/div>\n\t\t\t\t\t\t\t<div class=\"elementor-toggle-item\">\n\t\t\t\t\t<div id=\"elementor-tab-title-8003\" class=\"elementor-tab-title\" data-tab=\"3\" role=\"button\" aria-controls=\"elementor-tab-content-8003\" aria-expanded=\"false\">\n\t\t\t\t\t\t\t\t\t\t\t\t<span class=\"elementor-toggle-icon elementor-toggle-icon-right\" aria-hidden=\"true\">\n\t\t\t\t\t\t\t\t\t\t\t\t\t\t\t<span class=\"elementor-toggle-icon-closed\"><svg xmlns=\"http:\/\/www.w3.org\/2000\/svg\" id=\"ab1177c9-fb20-4263-9ebc-6f3bd964df82\" data-name=\"afba7dac-e774-4062-b1f6-f0f6702c3dce\" viewBox=\"0 0 20.6822 20.6822\"><polygon points=\"5.851 13.838 10.265 18.63 10.773 18.097 10.791 18.097 10.791 18.078 14.831 13.844 14.107 13.154 10.786 16.635 10.732 2.052 9.732 2.056 9.786 16.634 6.587 13.16 5.851 13.838\"><\/polygon><rect width=\"20.6822\" height=\"20.6822\" style=\"fill:none\"><\/rect><\/svg><\/span>\n\t\t\t\t\t\t\t\t<span class=\"elementor-toggle-icon-opened\"><svg xmlns=\"http:\/\/www.w3.org\/2000\/svg\" id=\"bd15c69f-782a-4e52-b822-774624a64299\" data-name=\"afba7dac-e774-4062-b1f6-f0f6702c3dce\" viewBox=\"0 0 20.6822 20.6822\"><polygon points=\"14.831 6.844 10.417 2.052 9.909 2.585 9.891 2.585 9.891 2.604 5.851 6.838 6.575 7.528 9.896 4.047 9.95 18.63 10.95 18.626 10.896 4.048 14.095 7.522 14.831 6.844\"><\/polygon><rect width=\"20.6822\" height=\"20.6822\" style=\"fill:none\"><\/rect><\/svg><\/span>\n\t\t\t\t\t\t\t\t\t\t\t\t\t<\/span>\n\t\t\t\t\t\t\t\t\t\t\t\t<a class=\"elementor-toggle-title\" tabindex=\"0\">Onde posso encontrar as especifica\u00e7\u00f5es de produto?<\/a>\n\t\t\t\t\t<\/div>\n\n\t\t\t\t\t<div id=\"elementor-tab-content-8003\" class=\"elementor-tab-content elementor-clearfix\" data-tab=\"3\" role=\"region\" aria-labelledby=\"elementor-tab-title-8003\"><p class=\"p1\">As especifica\u00e7\u00f5es de cada produto s\u00e3o apresentadas na respectiva p\u00e1gina de cada produto.\u00a0<\/p><\/div>\n\t\t\t\t<\/div>\n\t\t\t\t\t\t\t\t<\/div>\n\t\t\t\t\t\t<\/div>\n\t\t\t\t<\/div>\n\t\t\t\t\t<\/div>\n\t\t<\/div>\n\t\t\t\t\t<\/div>\n\t\t<\/section>\n\t\t\t\t<\/div>\n\t\t","protected":false},"excerpt":{"rendered":"<p>Perguntas Frequentes Produto Como \u00e9 vendida a carne? A nossa carne \u00e9 vendida, consoante o tipo de produto: Ao Kilo. Neste caso poder\u00e1 escolher o peso aproximado do produto (ex: at\u00e9 250g, at\u00e9 300g, at\u00e9 400g); \u00a0 \u00c0 unidade. Qual a origem da carne True Born? A carne True Born \u00e9 criada no Monte do [&hellip;]<\/p>\n","protected":false},"author":1,"featured_media":0,"parent":0,"menu_order":0,"comment_status":"closed","ping_status":"closed","template":"elementor_header_footer","meta":{"footnotes":""},"class_list":["post-3087","page","type-page","status-publish","hentry"],"yoast_head":"<!-- This site is optimized with the Yoast SEO plugin v27.4 - https:\/\/yoast.com\/product\/yoast-seo-wordpress\/ -->\n<title>Perguntas Frequentes - TrueBorn Beef<\/title>\n<meta name=\"robots\" content=\"index, follow, max-snippet:-1, max-image-preview:large, max-video-preview:-1\" \/>\n<link rel=\"canonical\" href=\"https:\/\/truebornbeef.com\/pt-pt\/perguntas-frequentes-produto\/\" \/>\n<meta property=\"og:locale\" content=\"pt_PT\" \/>\n<meta property=\"og:type\" content=\"article\" \/>\n<meta property=\"og:title\" content=\"Perguntas Frequentes - TrueBorn Beef\" \/>\n<meta property=\"og:description\" content=\"Perguntas Frequentes Produto Como \u00e9 vendida a carne? A nossa carne \u00e9 vendida, consoante o tipo de produto: Ao Kilo. Neste caso poder\u00e1 escolher o peso aproximado do produto (ex: at\u00e9 250g, at\u00e9 300g, at\u00e9 400g); \u00a0 \u00c0 unidade. Qual a origem da carne True Born? A carne True Born \u00e9 criada no Monte do [&hellip;]\" \/>\n<meta property=\"og:url\" content=\"https:\/\/truebornbeef.com\/pt-pt\/perguntas-frequentes-produto\/\" \/>\n<meta property=\"og:site_name\" content=\"TrueBorn Beef\" \/>\n<meta property=\"article:modified_time\" content=\"2022-10-04T11:08:24+00:00\" \/>\n<meta name=\"twitter:card\" content=\"summary_large_image\" \/>\n<meta name=\"twitter:label1\" content=\"Tempo estimado de leitura\" \/>\n\t<meta name=\"twitter:data1\" content=\"1 minuto\" \/>\n<script type=\"application\/ld+json\" class=\"yoast-schema-graph\">{\"@context\":\"https:\\\/\\\/schema.org\",\"@graph\":[{\"@type\":\"WebPage\",\"@id\":\"https:\\\/\\\/truebornbeef.com\\\/pt-pt\\\/perguntas-frequentes-produto\\\/\",\"url\":\"https:\\\/\\\/truebornbeef.com\\\/pt-pt\\\/perguntas-frequentes-produto\\\/\",\"name\":\"Perguntas Frequentes - TrueBorn Beef\",\"isPartOf\":{\"@id\":\"https:\\\/\\\/truebornbeef.com\\\/pt-pt\\\/#website\"},\"datePublished\":\"2022-10-04T11:06:17+00:00\",\"dateModified\":\"2022-10-04T11:08:24+00:00\",\"breadcrumb\":{\"@id\":\"https:\\\/\\\/truebornbeef.com\\\/pt-pt\\\/perguntas-frequentes-produto\\\/#breadcrumb\"},\"inLanguage\":\"pt-PT\",\"potentialAction\":[{\"@type\":\"ReadAction\",\"target\":[\"https:\\\/\\\/truebornbeef.com\\\/pt-pt\\\/perguntas-frequentes-produto\\\/\"]}]},{\"@type\":\"BreadcrumbList\",\"@id\":\"https:\\\/\\\/truebornbeef.com\\\/pt-pt\\\/perguntas-frequentes-produto\\\/#breadcrumb\",\"itemListElement\":[{\"@type\":\"ListItem\",\"position\":1,\"name\":\"Home\",\"item\":\"https:\\\/\\\/truebornbeef.com\\\/pt-pt\\\/\"},{\"@type\":\"ListItem\",\"position\":2,\"name\":\"Perguntas Frequentes\"}]},{\"@type\":\"WebSite\",\"@id\":\"https:\\\/\\\/truebornbeef.com\\\/pt-pt\\\/#website\",\"url\":\"https:\\\/\\\/truebornbeef.com\\\/pt-pt\\\/\",\"name\":\"TrueBorn Beef\",\"description\":\"The Ultimate Grill Experience\",\"publisher\":{\"@id\":\"https:\\\/\\\/truebornbeef.com\\\/pt-pt\\\/#organization\"},\"potentialAction\":[{\"@type\":\"SearchAction\",\"target\":{\"@type\":\"EntryPoint\",\"urlTemplate\":\"https:\\\/\\\/truebornbeef.com\\\/pt-pt\\\/?s={search_term_string}\"},\"query-input\":{\"@type\":\"PropertyValueSpecification\",\"valueRequired\":true,\"valueName\":\"search_term_string\"}}],\"inLanguage\":\"pt-PT\"},{\"@type\":\"Organization\",\"@id\":\"https:\\\/\\\/truebornbeef.com\\\/pt-pt\\\/#organization\",\"name\":\"TrueBorn Beef\",\"url\":\"https:\\\/\\\/truebornbeef.com\\\/pt-pt\\\/\",\"logo\":{\"@type\":\"ImageObject\",\"inLanguage\":\"pt-PT\",\"@id\":\"https:\\\/\\\/truebornbeef.com\\\/pt-pt\\\/#\\\/schema\\\/logo\\\/image\\\/\",\"url\":\"https:\\\/\\\/i0.wp.com\\\/truebornbeef.com\\\/cms\\\/wp-content\\\/uploads\\\/2022\\\/05\\\/trueborn-logo.png?fit=85%2C48&ssl=1\",\"contentUrl\":\"https:\\\/\\\/i0.wp.com\\\/truebornbeef.com\\\/cms\\\/wp-content\\\/uploads\\\/2022\\\/05\\\/trueborn-logo.png?fit=85%2C48&ssl=1\",\"width\":85,\"height\":48,\"caption\":\"TrueBorn Beef\"},\"image\":{\"@id\":\"https:\\\/\\\/truebornbeef.com\\\/pt-pt\\\/#\\\/schema\\\/logo\\\/image\\\/\"}}]}<\/script>\n<!-- \/ Yoast SEO plugin. -->","yoast_head_json":{"title":"Perguntas Frequentes - TrueBorn Beef","robots":{"index":"index","follow":"follow","max-snippet":"max-snippet:-1","max-image-preview":"max-image-preview:large","max-video-preview":"max-video-preview:-1"},"canonical":"https:\/\/truebornbeef.com\/pt-pt\/perguntas-frequentes-produto\/","og_locale":"pt_PT","og_type":"article","og_title":"Perguntas Frequentes - TrueBorn Beef","og_description":"Perguntas Frequentes Produto Como \u00e9 vendida a carne? A nossa carne \u00e9 vendida, consoante o tipo de produto: Ao Kilo. Neste caso poder\u00e1 escolher o peso aproximado do produto (ex: at\u00e9 250g, at\u00e9 300g, at\u00e9 400g); \u00a0 \u00c0 unidade. Qual a origem da carne True Born? A carne True Born \u00e9 criada no Monte do [&hellip;]","og_url":"https:\/\/truebornbeef.com\/pt-pt\/perguntas-frequentes-produto\/","og_site_name":"TrueBorn Beef","article_modified_time":"2022-10-04T11:08:24+00:00","twitter_card":"summary_large_image","twitter_misc":{"Tempo estimado de leitura":"1 minuto"},"schema":{"@context":"https:\/\/schema.org","@graph":[{"@type":"WebPage","@id":"https:\/\/truebornbeef.com\/pt-pt\/perguntas-frequentes-produto\/","url":"https:\/\/truebornbeef.com\/pt-pt\/perguntas-frequentes-produto\/","name":"Perguntas Frequentes - TrueBorn Beef","isPartOf":{"@id":"https:\/\/truebornbeef.com\/pt-pt\/#website"},"datePublished":"2022-10-04T11:06:17+00:00","dateModified":"2022-10-04T11:08:24+00:00","breadcrumb":{"@id":"https:\/\/truebornbeef.com\/pt-pt\/perguntas-frequentes-produto\/#breadcrumb"},"inLanguage":"pt-PT","potentialAction":[{"@type":"ReadAction","target":["https:\/\/truebornbeef.com\/pt-pt\/perguntas-frequentes-produto\/"]}]},{"@type":"BreadcrumbList","@id":"https:\/\/truebornbeef.com\/pt-pt\/perguntas-frequentes-produto\/#breadcrumb","itemListElement":[{"@type":"ListItem","position":1,"name":"Home","item":"https:\/\/truebornbeef.com\/pt-pt\/"},{"@type":"ListItem","position":2,"name":"Perguntas Frequentes"}]},{"@type":"WebSite","@id":"https:\/\/truebornbeef.com\/pt-pt\/#website","url":"https:\/\/truebornbeef.com\/pt-pt\/","name":"TrueBorn Beef","description":"The Ultimate Grill Experience","publisher":{"@id":"https:\/\/truebornbeef.com\/pt-pt\/#organization"},"potentialAction":[{"@type":"SearchAction","target":{"@type":"EntryPoint","urlTemplate":"https:\/\/truebornbeef.com\/pt-pt\/?s={search_term_string}"},"query-input":{"@type":"PropertyValueSpecification","valueRequired":true,"valueName":"search_term_string"}}],"inLanguage":"pt-PT"},{"@type":"Organization","@id":"https:\/\/truebornbeef.com\/pt-pt\/#organization","name":"TrueBorn Beef","url":"https:\/\/truebornbeef.com\/pt-pt\/","logo":{"@type":"ImageObject","inLanguage":"pt-PT","@id":"https:\/\/truebornbeef.com\/pt-pt\/#\/schema\/logo\/image\/","url":"https:\/\/i0.wp.com\/truebornbeef.com\/cms\/wp-content\/uploads\/2022\/05\/trueborn-logo.png?fit=85%2C48&ssl=1","contentUrl":"https:\/\/i0.wp.com\/truebornbeef.com\/cms\/wp-content\/uploads\/2022\/05\/trueborn-logo.png?fit=85%2C48&ssl=1","width":85,"height":48,"caption":"TrueBorn Beef"},"image":{"@id":"https:\/\/truebornbeef.com\/pt-pt\/#\/schema\/logo\/image\/"}}]}},"jetpack_sharing_enabled":true,"_links":{"self":[{"href":"https:\/\/truebornbeef.com\/pt-pt\/wp-json\/wp\/v2\/pages\/3087","targetHints":{"allow":["GET"]}}],"collection":[{"href":"https:\/\/truebornbeef.com\/pt-pt\/wp-json\/wp\/v2\/pages"}],"about":[{"href":"https:\/\/truebornbeef.com\/pt-pt\/wp-json\/wp\/v2\/types\/page"}],"author":[{"embeddable":true,"href":"https:\/\/truebornbeef.com\/pt-pt\/wp-json\/wp\/v2\/users\/1"}],"replies":[{"embeddable":true,"href":"https:\/\/truebornbeef.com\/pt-pt\/wp-json\/wp\/v2\/comments?post=3087"}],"version-history":[{"count":0,"href":"https:\/\/truebornbeef.com\/pt-pt\/wp-json\/wp\/v2\/pages\/3087\/revisions"}],"wp:attachment":[{"href":"https:\/\/truebornbeef.com\/pt-pt\/wp-json\/wp\/v2\/media?parent=3087"}],"curies":[{"name":"wp","href":"https:\/\/api.w.org\/{rel}","templated":true}]}}