{"id":3037,"date":"2022-10-03T16:47:47","date_gmt":"2022-10-03T16:47:47","guid":{"rendered":"https:\/\/truebornbeef.com\/cms\/?page_id=3037"},"modified":"2022-10-03T16:53:15","modified_gmt":"2022-10-03T16:53:15","slug":"politica-de-cookies","status":"publish","type":"page","link":"https:\/\/truebornbeef.com\/pt-pt\/politica-de-cookies\/","title":{"rendered":"Pol\u00edtica de Cookies"},"content":{"rendered":"\t\t<div data-elementor-type=\"wp-page\" data-elementor-id=\"3037\" class=\"elementor elementor-3037\" data-elementor-post-type=\"page\">\n\t\t\t\t\t\t<section class=\"elementor-section elementor-top-section elementor-element elementor-element-1fe72c81 elementor-section-height-min-height elementor-section-boxed elementor-section-height-default elementor-section-items-middle\" data-id=\"1fe72c81\" data-element_type=\"section\" data-e-type=\"section\" id=\"toc\">\n\t\t\t\t\t\t<div class=\"elementor-container elementor-column-gap-no\">\n\t\t\t\t\t<div class=\"elementor-column elementor-col-100 elementor-top-column elementor-element elementor-element-26af7315\" data-id=\"26af7315\" data-element_type=\"column\" data-e-type=\"column\">\n\t\t\t<div class=\"elementor-widget-wrap elementor-element-populated\">\n\t\t\t\t\t\t<div class=\"elementor-element elementor-element-3d2d7857 elementor-widget elementor-widget-heading\" data-id=\"3d2d7857\" data-element_type=\"widget\" data-e-type=\"widget\" data-widget_type=\"heading.default\">\n\t\t\t\t<div class=\"elementor-widget-container\">\n\t\t\t\t\t<h5 class=\"elementor-heading-title elementor-size-default\">\n<\/h5>\t\t\t\t<\/div>\n\t\t\t\t<\/div>\n\t\t\t\t<div class=\"elementor-element elementor-element-6dd5589f elementor-widget elementor-widget-heading\" data-id=\"6dd5589f\" data-element_type=\"widget\" data-e-type=\"widget\" data-widget_type=\"heading.default\">\n\t\t\t\t<div class=\"elementor-widget-container\">\n\t\t\t\t\t<h1 class=\"elementor-heading-title elementor-size-default\">POL\u00cdTICA DE COOKIES<\/h1>\t\t\t\t<\/div>\n\t\t\t\t<\/div>\n\t\t\t\t<div class=\"elementor-element elementor-element-5389c68e elementor-widget-divider--view-line elementor-widget elementor-widget-divider\" data-id=\"5389c68e\" data-element_type=\"widget\" data-e-type=\"widget\" data-widget_type=\"divider.default\">\n\t\t\t\t<div class=\"elementor-widget-container\">\n\t\t\t\t\t\t\t<div class=\"elementor-divider\">\n\t\t\t<span class=\"elementor-divider-separator\">\n\t\t\t\t\t\t<\/span>\n\t\t<\/div>\n\t\t\t\t\t\t<\/div>\n\t\t\t\t<\/div>\n\t\t\t\t<div class=\"elementor-element elementor-element-4f23efd9 elementor-widget elementor-widget-text-editor\" data-id=\"4f23efd9\" data-element_type=\"widget\" data-e-type=\"widget\" data-widget_type=\"text-editor.default\">\n\t\t\t\t<div class=\"elementor-widget-container\">\n\t\t\t\t\t\t\t\t\t<p>Esta \u00e9 a Pol\u00edtica de Cookies para\u00a0<strong>https:\/\/truebornbeef.com\/<\/strong>, acess\u00edvel a partir de URL<\/p>\t\t\t\t\t\t\t\t<\/div>\n\t\t\t\t<\/div>\n\t\t\t\t<div class=\"elementor-element elementor-element-8e6f38 elementor-widget elementor-widget-heading\" data-id=\"8e6f38\" data-element_type=\"widget\" data-e-type=\"widget\" data-widget_type=\"heading.default\">\n\t\t\t\t<div class=\"elementor-widget-container\">\n\t\t\t\t\t<h5 class=\"elementor-heading-title elementor-size-default\">O que s\u00e3o cookies<\/h5>\t\t\t\t<\/div>\n\t\t\t\t<\/div>\n\t\t\t\t<div class=\"elementor-element elementor-element-10154e37 elementor-widget elementor-widget-text-editor\" data-id=\"10154e37\" data-element_type=\"widget\" data-e-type=\"widget\" data-widget_type=\"text-editor.default\">\n\t\t\t\t<div class=\"elementor-widget-container\">\n\t\t\t\t\t\t\t\t\t<p>Como \u00e9 pr\u00e1tica comum em quase todos os sites profissionais, este site utiliza cookies, que s\u00e3o pequenos ficheiros que s\u00e3o descarregados para o seu computador, para melhorar a sua experi\u00eancia. Esta p\u00e1gina descreve que informa\u00e7\u00f5es recolhem, como a utilizamos e por que \u00e0s vezes precisamos de armazenar estes cookies. Tamb\u00e9m partilharemos como pode evitar que estes cookies sejam armazenados, no entanto isso pode reduzir ou \u2018quebrar\u2019 certos elementos da funcionalidade do site.<\/p>\t\t\t\t\t\t\t\t<\/div>\n\t\t\t\t<\/div>\n\t\t\t\t<div class=\"elementor-element elementor-element-76dfe00f elementor-widget elementor-widget-heading\" data-id=\"76dfe00f\" data-element_type=\"widget\" data-e-type=\"widget\" data-widget_type=\"heading.default\">\n\t\t\t\t<div class=\"elementor-widget-container\">\n\t\t\t\t\t<h5 class=\"elementor-heading-title elementor-size-default\">Como usamos cookies<\/h5>\t\t\t\t<\/div>\n\t\t\t\t<\/div>\n\t\t\t\t<div class=\"elementor-element elementor-element-56dfa091 elementor-widget elementor-widget-text-editor\" data-id=\"56dfa091\" data-element_type=\"widget\" data-e-type=\"widget\" data-widget_type=\"text-editor.default\">\n\t\t\t\t<div class=\"elementor-widget-container\">\n\t\t\t\t\t\t\t\t\t<p>Utilizamos cookies por uma variedade de raz\u00f5es detalhadas abaixo. Infelizmente, na maioria dos casos, n\u00e3o existem op\u00e7\u00f5es padr\u00e3o da ind\u00fastria para desativar cookies sem desativar completamente a funcionalidade e funcionalidades que adicionam a este site. Recomenda-se que deixe todos os cookies se n\u00e3o tiver a certeza se precisa ou n\u00e3o, caso sejam utilizados para prestar o servi\u00e7o que utiliza.<\/p>\t\t\t\t\t\t\t\t<\/div>\n\t\t\t\t<\/div>\n\t\t\t\t<div class=\"elementor-element elementor-element-2ea3d0db elementor-widget elementor-widget-heading\" data-id=\"2ea3d0db\" data-element_type=\"widget\" data-e-type=\"widget\" data-widget_type=\"heading.default\">\n\t\t\t\t<div class=\"elementor-widget-container\">\n\t\t\t\t\t<h5 class=\"elementor-heading-title elementor-size-default\">Cookies incapacitantes<\/h5>\t\t\t\t<\/div>\n\t\t\t\t<\/div>\n\t\t\t\t<div class=\"elementor-element elementor-element-64d531 elementor-widget elementor-widget-text-editor\" data-id=\"64d531\" data-element_type=\"widget\" data-e-type=\"widget\" data-widget_type=\"text-editor.default\">\n\t\t\t\t<div class=\"elementor-widget-container\">\n\t\t\t\t\t\t\t\t\t<p>Pode evitar a configura\u00e7\u00e3o dos cookies ajustando as defini\u00e7\u00f5es do seu navegador (consulte o seu navegador Ajuda para saber como faz\u00ea-lo). Esteja ciente de que desativar os cookies ir\u00e1 afetar a funcionalidade deste e de muitos outros sites que visita. A desativa\u00e7\u00e3o de cookies resultar\u00e1 geralmente em desativar tamb\u00e9m certas funcionalidades deste site. Por isso, recomenda-se que n\u00e3o desative os cookies.<\/p>\t\t\t\t\t\t\t\t<\/div>\n\t\t\t\t<\/div>\n\t\t\t\t<div class=\"elementor-element elementor-element-4b631734 elementor-widget elementor-widget-heading\" data-id=\"4b631734\" data-element_type=\"widget\" data-e-type=\"widget\" data-widget_type=\"heading.default\">\n\t\t\t\t<div class=\"elementor-widget-container\">\n\t\t\t\t\t<h5 class=\"elementor-heading-title elementor-size-default\">Os cookies que definimos<\/h5>\t\t\t\t<\/div>\n\t\t\t\t<\/div>\n\t\t\t\t<div class=\"elementor-element elementor-element-4d39c41 elementor-widget elementor-widget-text-editor\" data-id=\"4d39c41\" data-element_type=\"widget\" data-e-type=\"widget\" data-widget_type=\"text-editor.default\">\n\t\t\t\t<div class=\"elementor-widget-container\">\n\t\t\t\t\t\t\t\t\t<ul><li>Cookies relacionados com a conta. Se criar uma conta conosco, utilizaremos cookies para a gest\u00e3o do processo de inscri\u00e7\u00e3o e administra\u00e7\u00e3o geral. Estes cookies ser\u00e3o normalmente eliminados quando iniciar sess\u00e3o, no entanto, em alguns casos, poder\u00e3o permanecer depois para se lembrarem das prefer\u00eancias do seu site quando iniciados.<\/li><\/ul><ul><li>Cookies relacionados com o in\u00edcio de Sess\u00e3o. Utilizamos cookies quando est\u00e1 a iniciar sess\u00e3o para que possamos recordar este facto. Isto impede-o de ter de fazer login sempre que visita uma nova p\u00e1gina. Estes cookies s\u00e3o normalmente removidos ou limpos quando inicia sess\u00e3o para garantir que s\u00f3 pode aceder a funcionalidades e \u00e1reas restritas quando iniciado o login.<\/li><\/ul><ul><li>Cookies relacionados com newsletters de e-mail. Este site oferece servi\u00e7os de subscri\u00e7\u00e3o de newsletter ou e-mail e cookies podem ser usados para lembrar se voc\u00ea j\u00e1 est\u00e1 registado e se mostrar certas notifica\u00e7\u00f5es que s\u00f3 podem ser v\u00e1lidas para utilizadores subscritos\/n\u00e3o inscritos.<\/li><\/ul><ul><li>Encomendas processamento de cookies relacionados. Este site oferece e-commerce ou facilidades de pagamento e alguns cookies s\u00e3o essenciais para garantir que a sua encomenda \u00e9 lembrada entre p\u00e1ginas para que possamos process\u00e1-la corretamente.<\/li><\/ul><ul><li>Inqu\u00e9ritos a cookies relacionados. De tempos a tempos oferecemos inqu\u00e9ritos e question\u00e1rios aos utilizadores para lhe fornecer informa\u00e7\u00f5es interessantes, ferramentas \u00fateis ou para entender a nossa base de utilizadores com mais precis\u00e3o. Estas pesquisas podem usar cookies para lembrar quem j\u00e1 participou num inqu\u00e9rito ou para fornecer-lhe resultados precisos depois de mudar de p\u00e1gina.<\/li><\/ul><ul><li>Formul\u00e1rios cookies relacionados. Quando submete dados atrav\u00e9s de um formul\u00e1rio como os encontrados em p\u00e1ginas de contacto ou formul\u00e1rios de coment\u00e1rio podem ser definidos para lembrar os seus dados do utilizador para futura correspond\u00eancia.<\/li><\/ul><ul><li>Prefer\u00eancias do site. Para lhe proporcionar uma grande experi\u00eancia neste site, fornecemos a funcionalidade para definir as suas prefer\u00eancias pela forma como este site funciona quando o utiliza. Para lembrar as suas prefer\u00eancias precisamos de definir cookies para que estas informa\u00e7\u00f5es possam ser chamadas sempre que interage com uma p\u00e1gina \u00e9 afetada pelas suas prefer\u00eancias.<\/li><\/ul><p>\u00a0<\/p>\t\t\t\t\t\t\t\t<\/div>\n\t\t\t\t<\/div>\n\t\t\t\t<div class=\"elementor-element elementor-element-374ba1f3 elementor-widget elementor-widget-heading\" data-id=\"374ba1f3\" data-element_type=\"widget\" data-e-type=\"widget\" data-widget_type=\"heading.default\">\n\t\t\t\t<div class=\"elementor-widget-container\">\n\t\t\t\t\t<h5 class=\"elementor-heading-title elementor-size-default\">Cookies de terceiros<\/h5>\t\t\t\t<\/div>\n\t\t\t\t<\/div>\n\t\t\t\t<div class=\"elementor-element elementor-element-2cf8197e elementor-widget elementor-widget-text-editor\" data-id=\"2cf8197e\" data-element_type=\"widget\" data-e-type=\"widget\" data-widget_type=\"text-editor.default\">\n\t\t\t\t<div class=\"elementor-widget-container\">\n\t\t\t\t\t\t\t\t\t<p>Em alguns casos especiais tamb\u00e9m utilizamos cookies fornecidos por terceiros de confian\u00e7a. Os seguintes detalhes da sec\u00e7\u00e3o seguinte quais os cookies de terceiros que voc\u00ea pode encontrar atrav\u00e9s deste site.<\/p><ul><li>Este site utiliza o Google Analytics, que \u00e9 uma das solu\u00e7\u00f5es de an\u00e1lise mais difundidas e fidedignas na web para nos ajudar a entender como usa o site e formas de melhorar a sua experi\u00eancia. Estes cookies podem rastrear coisas como o tempo que gasta no site e as p\u00e1ginas que visita para que possamos continuar a produzir conte\u00fado envolvente. Para obter mais informa\u00e7\u00f5es sobre os cookies do Google Analytics, consulte a p\u00e1gina oficial do Google Analytics.<\/li><\/ul><p>\u00a0<\/p><ul><li>As an\u00e1lises de terceiros s\u00e3o usadas para rastrear e medir o uso deste site para que possamos continuar a produzir conte\u00fado envolvente. Estes cookies podem rastrear coisas como o tempo que gasta no site ou p\u00e1ginas que visita, o que nos ajuda a entender como podemos melhorar o site para si.<\/li><\/ul><p>\u00a0<\/p><ul><li>De tempos a tempos testamos novas funcionalidades e fazemos altera\u00e7\u00f5es subtis na forma como o site \u00e9 entregue. Quando ainda estamos a testar novas funcionalidades, estes cookies podem ser usados para garantir que voc\u00ea recebe uma experi\u00eancia consistente enquanto no site, garantindo ao mesmo tempo que entendemos quais as otimiza\u00e7\u00f5es que os nossos utilizadores mais apreciam.<\/li><\/ul><p>\u00a0<\/p><ul><li>\u00c0 medida que vendemos produtos \u00e9 importante para n\u00f3s compreender estat\u00edsticas sobre quantos dos visitantes do nosso site realmente fazem uma compra e, como tal, este \u00e9 o tipo de dados que estes cookies v\u00e3o rastrear. Isto \u00e9 importante para si, pois significa que podemos fazer com precis\u00e3o previs\u00f5es de neg\u00f3cio que nos permitem monitorizar os nossos custos de publicidade e produto para garantir o melhor pre\u00e7o poss\u00edvel.<\/li><\/ul><p>\u00a0<\/p><ul><li>Tamb\u00e9m usamos bot\u00f5es de m\u00eddia social e\/ou plugins neste site que lhe permitem conectar-se com a sua rede social de v\u00e1rias maneiras. Para que estes trabalhem nos seguintes sites de redes sociais, incluindo; definir\u00e1 cookies atrav\u00e9s do nosso site que podem ser usados para melhorar o seu perfil no seu site ou contribuir para os dados que det\u00eam para v\u00e1rias finalidades delineadas nas respetivas pol\u00edticas de privacidade.<\/li><\/ul><p>\u00a0<\/p>\t\t\t\t\t\t\t\t<\/div>\n\t\t\t\t<\/div>\n\t\t\t\t<div class=\"elementor-element elementor-element-210a8400 elementor-widget elementor-widget-heading\" data-id=\"210a8400\" data-element_type=\"widget\" data-e-type=\"widget\" data-widget_type=\"heading.default\">\n\t\t\t\t<div class=\"elementor-widget-container\">\n\t\t\t\t\t<h5 class=\"elementor-heading-title elementor-size-default\">Mais informa\u00e7\u00f5es<\/h5>\t\t\t\t<\/div>\n\t\t\t\t<\/div>\n\t\t\t\t<div class=\"elementor-element elementor-element-20f50d2 elementor-widget elementor-widget-text-editor\" data-id=\"20f50d2\" data-element_type=\"widget\" data-e-type=\"widget\" data-widget_type=\"text-editor.default\">\n\t\t\t\t<div class=\"elementor-widget-container\">\n\t\t\t\t\t\t\t\t\t<p>Esperemos que tenha sido esclarecido e como j\u00e1 foi mencionado se h\u00e1 algo que n\u00e3o tem a certeza se precisa ou n\u00e3o, normalmente \u00e9 mais seguro deixar os cookies ativados no caso de interagir com uma das funcionalidades que utiliza no nosso site.<\/p><p>Esta pol\u00edtica est\u00e1 em vigor a partir de\u00a0<strong>janeiro de 2021<\/strong>.<\/p>\t\t\t\t\t\t\t\t<\/div>\n\t\t\t\t<\/div>\n\t\t\t\t\t<\/div>\n\t\t<\/div>\n\t\t\t\t\t<\/div>\n\t\t<\/section>\n\t\t\t\t<\/div>\n\t\t","protected":false},"excerpt":{"rendered":"<p>POL\u00cdTICA DE COOKIES Esta \u00e9 a Pol\u00edtica de Cookies para\u00a0https:\/\/truebornbeef.com\/, acess\u00edvel a partir de URL O que s\u00e3o cookies Como \u00e9 pr\u00e1tica comum em quase todos os sites profissionais, este site utiliza cookies, que s\u00e3o pequenos ficheiros que s\u00e3o descarregados para o seu computador, para melhorar a sua experi\u00eancia. Esta p\u00e1gina descreve que informa\u00e7\u00f5es recolhem, [&hellip;]<\/p>\n","protected":false},"author":1,"featured_media":0,"parent":0,"menu_order":0,"comment_status":"closed","ping_status":"closed","template":"elementor_header_footer","meta":{"footnotes":""},"class_list":["post-3037","page","type-page","status-publish","hentry"],"yoast_head":"<!-- This site is optimized with the Yoast SEO plugin v27.5 - https:\/\/yoast.com\/product\/yoast-seo-wordpress\/ -->\n<title>Pol\u00edtica de Cookies - TrueBorn Beef<\/title>\n<meta name=\"robots\" content=\"index, follow, max-snippet:-1, max-image-preview:large, max-video-preview:-1\" \/>\n<link rel=\"canonical\" href=\"https:\/\/truebornbeef.com\/pt-pt\/politica-de-cookies\/\" \/>\n<meta property=\"og:locale\" content=\"pt_PT\" \/>\n<meta property=\"og:type\" content=\"article\" \/>\n<meta property=\"og:title\" content=\"Pol\u00edtica de Cookies - TrueBorn Beef\" \/>\n<meta property=\"og:description\" content=\"POL\u00cdTICA DE COOKIES Esta \u00e9 a Pol\u00edtica de Cookies para\u00a0https:\/\/truebornbeef.com\/, acess\u00edvel a partir de URL O que s\u00e3o cookies Como \u00e9 pr\u00e1tica comum em quase todos os sites profissionais, este site utiliza cookies, que s\u00e3o pequenos ficheiros que s\u00e3o descarregados para o seu computador, para melhorar a sua experi\u00eancia. Esta p\u00e1gina descreve que informa\u00e7\u00f5es recolhem, [&hellip;]\" \/>\n<meta property=\"og:url\" content=\"https:\/\/truebornbeef.com\/pt-pt\/politica-de-cookies\/\" \/>\n<meta property=\"og:site_name\" content=\"TrueBorn Beef\" \/>\n<meta property=\"article:modified_time\" content=\"2022-10-03T16:53:15+00:00\" \/>\n<meta name=\"twitter:card\" content=\"summary_large_image\" \/>\n<script type=\"application\/ld+json\" class=\"yoast-schema-graph\">{\"@context\":\"https:\\\/\\\/schema.org\",\"@graph\":[{\"@type\":\"WebPage\",\"@id\":\"https:\\\/\\\/truebornbeef.com\\\/pt-pt\\\/politica-de-cookies\\\/\",\"url\":\"https:\\\/\\\/truebornbeef.com\\\/pt-pt\\\/politica-de-cookies\\\/\",\"name\":\"Pol\u00edtica de Cookies - TrueBorn Beef\",\"isPartOf\":{\"@id\":\"https:\\\/\\\/truebornbeef.com\\\/pt-pt\\\/#website\"},\"datePublished\":\"2022-10-03T16:47:47+00:00\",\"dateModified\":\"2022-10-03T16:53:15+00:00\",\"breadcrumb\":{\"@id\":\"https:\\\/\\\/truebornbeef.com\\\/pt-pt\\\/politica-de-cookies\\\/#breadcrumb\"},\"inLanguage\":\"pt-PT\",\"potentialAction\":[{\"@type\":\"ReadAction\",\"target\":[\"https:\\\/\\\/truebornbeef.com\\\/pt-pt\\\/politica-de-cookies\\\/\"]}]},{\"@type\":\"BreadcrumbList\",\"@id\":\"https:\\\/\\\/truebornbeef.com\\\/pt-pt\\\/politica-de-cookies\\\/#breadcrumb\",\"itemListElement\":[{\"@type\":\"ListItem\",\"position\":1,\"name\":\"Home\",\"item\":\"https:\\\/\\\/truebornbeef.com\\\/pt-pt\\\/\"},{\"@type\":\"ListItem\",\"position\":2,\"name\":\"Pol\u00edtica de Cookies\"}]},{\"@type\":\"WebSite\",\"@id\":\"https:\\\/\\\/truebornbeef.com\\\/pt-pt\\\/#website\",\"url\":\"https:\\\/\\\/truebornbeef.com\\\/pt-pt\\\/\",\"name\":\"TrueBorn Beef\",\"description\":\"The Ultimate Grill Experience\",\"publisher\":{\"@id\":\"https:\\\/\\\/truebornbeef.com\\\/pt-pt\\\/#organization\"},\"potentialAction\":[{\"@type\":\"SearchAction\",\"target\":{\"@type\":\"EntryPoint\",\"urlTemplate\":\"https:\\\/\\\/truebornbeef.com\\\/pt-pt\\\/?s={search_term_string}\"},\"query-input\":{\"@type\":\"PropertyValueSpecification\",\"valueRequired\":true,\"valueName\":\"search_term_string\"}}],\"inLanguage\":\"pt-PT\"},{\"@type\":\"Organization\",\"@id\":\"https:\\\/\\\/truebornbeef.com\\\/pt-pt\\\/#organization\",\"name\":\"TrueBorn Beef\",\"url\":\"https:\\\/\\\/truebornbeef.com\\\/pt-pt\\\/\",\"logo\":{\"@type\":\"ImageObject\",\"inLanguage\":\"pt-PT\",\"@id\":\"https:\\\/\\\/truebornbeef.com\\\/pt-pt\\\/#\\\/schema\\\/logo\\\/image\\\/\",\"url\":\"https:\\\/\\\/i0.wp.com\\\/truebornbeef.com\\\/cms\\\/wp-content\\\/uploads\\\/2022\\\/05\\\/trueborn-logo.png?fit=85%2C48&ssl=1\",\"contentUrl\":\"https:\\\/\\\/i0.wp.com\\\/truebornbeef.com\\\/cms\\\/wp-content\\\/uploads\\\/2022\\\/05\\\/trueborn-logo.png?fit=85%2C48&ssl=1\",\"width\":85,\"height\":48,\"caption\":\"TrueBorn Beef\"},\"image\":{\"@id\":\"https:\\\/\\\/truebornbeef.com\\\/pt-pt\\\/#\\\/schema\\\/logo\\\/image\\\/\"}}]}<\/script>\n<!-- \/ Yoast SEO plugin. -->","yoast_head_json":{"title":"Pol\u00edtica de Cookies - TrueBorn Beef","robots":{"index":"index","follow":"follow","max-snippet":"max-snippet:-1","max-image-preview":"max-image-preview:large","max-video-preview":"max-video-preview:-1"},"canonical":"https:\/\/truebornbeef.com\/pt-pt\/politica-de-cookies\/","og_locale":"pt_PT","og_type":"article","og_title":"Pol\u00edtica de Cookies - TrueBorn Beef","og_description":"POL\u00cdTICA DE COOKIES Esta \u00e9 a Pol\u00edtica de Cookies para\u00a0https:\/\/truebornbeef.com\/, acess\u00edvel a partir de URL O que s\u00e3o cookies Como \u00e9 pr\u00e1tica comum em quase todos os sites profissionais, este site utiliza cookies, que s\u00e3o pequenos ficheiros que s\u00e3o descarregados para o seu computador, para melhorar a sua experi\u00eancia. Esta p\u00e1gina descreve que informa\u00e7\u00f5es recolhem, [&hellip;]","og_url":"https:\/\/truebornbeef.com\/pt-pt\/politica-de-cookies\/","og_site_name":"TrueBorn Beef","article_modified_time":"2022-10-03T16:53:15+00:00","twitter_card":"summary_large_image","schema":{"@context":"https:\/\/schema.org","@graph":[{"@type":"WebPage","@id":"https:\/\/truebornbeef.com\/pt-pt\/politica-de-cookies\/","url":"https:\/\/truebornbeef.com\/pt-pt\/politica-de-cookies\/","name":"Pol\u00edtica de Cookies - TrueBorn Beef","isPartOf":{"@id":"https:\/\/truebornbeef.com\/pt-pt\/#website"},"datePublished":"2022-10-03T16:47:47+00:00","dateModified":"2022-10-03T16:53:15+00:00","breadcrumb":{"@id":"https:\/\/truebornbeef.com\/pt-pt\/politica-de-cookies\/#breadcrumb"},"inLanguage":"pt-PT","potentialAction":[{"@type":"ReadAction","target":["https:\/\/truebornbeef.com\/pt-pt\/politica-de-cookies\/"]}]},{"@type":"BreadcrumbList","@id":"https:\/\/truebornbeef.com\/pt-pt\/politica-de-cookies\/#breadcrumb","itemListElement":[{"@type":"ListItem","position":1,"name":"Home","item":"https:\/\/truebornbeef.com\/pt-pt\/"},{"@type":"ListItem","position":2,"name":"Pol\u00edtica de Cookies"}]},{"@type":"WebSite","@id":"https:\/\/truebornbeef.com\/pt-pt\/#website","url":"https:\/\/truebornbeef.com\/pt-pt\/","name":"TrueBorn Beef","description":"The Ultimate Grill Experience","publisher":{"@id":"https:\/\/truebornbeef.com\/pt-pt\/#organization"},"potentialAction":[{"@type":"SearchAction","target":{"@type":"EntryPoint","urlTemplate":"https:\/\/truebornbeef.com\/pt-pt\/?s={search_term_string}"},"query-input":{"@type":"PropertyValueSpecification","valueRequired":true,"valueName":"search_term_string"}}],"inLanguage":"pt-PT"},{"@type":"Organization","@id":"https:\/\/truebornbeef.com\/pt-pt\/#organization","name":"TrueBorn Beef","url":"https:\/\/truebornbeef.com\/pt-pt\/","logo":{"@type":"ImageObject","inLanguage":"pt-PT","@id":"https:\/\/truebornbeef.com\/pt-pt\/#\/schema\/logo\/image\/","url":"https:\/\/i0.wp.com\/truebornbeef.com\/cms\/wp-content\/uploads\/2022\/05\/trueborn-logo.png?fit=85%2C48&ssl=1","contentUrl":"https:\/\/i0.wp.com\/truebornbeef.com\/cms\/wp-content\/uploads\/2022\/05\/trueborn-logo.png?fit=85%2C48&ssl=1","width":85,"height":48,"caption":"TrueBorn Beef"},"image":{"@id":"https:\/\/truebornbeef.com\/pt-pt\/#\/schema\/logo\/image\/"}}]}},"jetpack_sharing_enabled":true,"_links":{"self":[{"href":"https:\/\/truebornbeef.com\/pt-pt\/wp-json\/wp\/v2\/pages\/3037","targetHints":{"allow":["GET"]}}],"collection":[{"href":"https:\/\/truebornbeef.com\/pt-pt\/wp-json\/wp\/v2\/pages"}],"about":[{"href":"https:\/\/truebornbeef.com\/pt-pt\/wp-json\/wp\/v2\/types\/page"}],"author":[{"embeddable":true,"href":"https:\/\/truebornbeef.com\/pt-pt\/wp-json\/wp\/v2\/users\/1"}],"replies":[{"embeddable":true,"href":"https:\/\/truebornbeef.com\/pt-pt\/wp-json\/wp\/v2\/comments?post=3037"}],"version-history":[{"count":0,"href":"https:\/\/truebornbeef.com\/pt-pt\/wp-json\/wp\/v2\/pages\/3037\/revisions"}],"wp:attachment":[{"href":"https:\/\/truebornbeef.com\/pt-pt\/wp-json\/wp\/v2\/media?parent=3037"}],"curies":[{"name":"wp","href":"https:\/\/api.w.org\/{rel}","templated":true}]}}