{"id":3027,"date":"2022-10-03T16:43:16","date_gmt":"2022-10-03T16:43:16","guid":{"rendered":"https:\/\/truebornbeef.com\/cms\/?page_id=3027"},"modified":"2022-10-03T16:45:06","modified_gmt":"2022-10-03T16:45:06","slug":"politica-de-privacidade","status":"publish","type":"page","link":"https:\/\/truebornbeef.com\/pt-pt\/politica-de-privacidade\/","title":{"rendered":"Pol\u00edtica de Privacidade"},"content":{"rendered":"\t\t<div data-elementor-type=\"wp-page\" data-elementor-id=\"3027\" class=\"elementor elementor-3027\" data-elementor-post-type=\"page\">\n\t\t\t\t\t\t<section class=\"elementor-section elementor-top-section elementor-element elementor-element-5174b600 elementor-section-height-min-height elementor-section-boxed elementor-section-height-default elementor-section-items-middle\" data-id=\"5174b600\" data-element_type=\"section\" data-e-type=\"section\" id=\"toc\">\n\t\t\t\t\t\t<div class=\"elementor-container elementor-column-gap-no\">\n\t\t\t\t\t<div class=\"elementor-column elementor-col-100 elementor-top-column elementor-element elementor-element-771f66fd\" data-id=\"771f66fd\" data-element_type=\"column\" data-e-type=\"column\">\n\t\t\t<div class=\"elementor-widget-wrap elementor-element-populated\">\n\t\t\t\t\t\t<div class=\"elementor-element elementor-element-4ba797b6 elementor-widget elementor-widget-heading\" data-id=\"4ba797b6\" data-element_type=\"widget\" data-e-type=\"widget\" data-widget_type=\"heading.default\">\n\t\t\t\t<div class=\"elementor-widget-container\">\n\t\t\t\t\t<h5 class=\"elementor-heading-title elementor-size-default\">\n<\/h5>\t\t\t\t<\/div>\n\t\t\t\t<\/div>\n\t\t\t\t<div class=\"elementor-element elementor-element-548e2646 elementor-widget elementor-widget-heading\" data-id=\"548e2646\" data-element_type=\"widget\" data-e-type=\"widget\" data-widget_type=\"heading.default\">\n\t\t\t\t<div class=\"elementor-widget-container\">\n\t\t\t\t\t<h1 class=\"elementor-heading-title elementor-size-default\">Pol\u00edtica de Privacidade<\/h1>\t\t\t\t<\/div>\n\t\t\t\t<\/div>\n\t\t\t\t<div class=\"elementor-element elementor-element-2b89f480 elementor-widget-divider--view-line elementor-widget elementor-widget-divider\" data-id=\"2b89f480\" data-element_type=\"widget\" data-e-type=\"widget\" data-widget_type=\"divider.default\">\n\t\t\t\t<div class=\"elementor-widget-container\">\n\t\t\t\t\t\t\t<div class=\"elementor-divider\">\n\t\t\t<span class=\"elementor-divider-separator\">\n\t\t\t\t\t\t<\/span>\n\t\t<\/div>\n\t\t\t\t\t\t<\/div>\n\t\t\t\t<\/div>\n\t\t\t\t<div class=\"elementor-element elementor-element-731c5143 elementor-widget elementor-widget-text-editor\" data-id=\"731c5143\" data-element_type=\"widget\" data-e-type=\"widget\" data-widget_type=\"text-editor.default\">\n\t\t\t\t<div class=\"elementor-widget-container\">\n\t\t\t\t\t\t\t\t\t<p>A sua privacidade \u00e9 importante para n\u00f3s. \u00c9 pol\u00edtica de\u00a0<strong>http:\/\/truebornbeef.com\/<\/strong>\u00a0respeitar a sua privacidade em rela\u00e7\u00e3o a qualquer informa\u00e7\u00e3o que possamos recolher de si em todo o nosso site,\u00a0<strong>http:\/\/truebornbeef.com\/<\/strong>, e outros sites que possu\u00edmos e operamos.<\/p><p>S\u00f3 pedimos informa\u00e7\u00f5es pessoais quando realmente precisamos que lhe prestar um servi\u00e7o. Recolhemo-la por meios justos e legais, com o seu conhecimento e consentimento. Tamb\u00e9m o informamos porque o estamos a recolher e como ser\u00e1 usado.<\/p><p>Apenas retemos informa\u00e7\u00f5es recolhidas durante o tempo necess\u00e1rio para lhe fornecer o servi\u00e7o solicitado. Os dados armazenados, protegeremos dentro de meios comercialmente aceit\u00e1veis para prevenir perdas e roubos, bem como acesso n\u00e3o autorizado, divulga\u00e7\u00e3o, c\u00f3pia, uso ou modifica\u00e7\u00e3o.<\/p><p>N\u00e3o partilhamos nenhuma informa\u00e7\u00e3o de identifica\u00e7\u00e3o pessoal publicamente ou com terceiros, exceto quando for exigido por lei.<\/p><p>O nosso website pode ligar-se a sites externos que n\u00e3o s\u00e3o operados por n\u00f3s. Por favor, esteja ciente de que n\u00e3o temos qualquer controlo sobre o conte\u00fado e pr\u00e1ticas destes sites, e n\u00e3o podemos assumir responsabilidade ou depend\u00eancia pelas respetivas pol\u00edticas de privacidade.<\/p><p>Voc\u00ea \u00e9 livre de recusar o nosso pedido de informa\u00e7\u00f5es pessoais, com a compreens\u00e3o de que podemos n\u00e3o ser capazes de fornecer-lhe alguns dos servi\u00e7os pretendidos.<\/p><p>A sua utiliza\u00e7\u00e3o cont\u00ednua do nosso website ser\u00e1 considerada como aceita\u00e7\u00e3o das nossas pr\u00e1ticas em torno da privacidade e informa\u00e7\u00f5es pessoais. Se tiver alguma d\u00favida sobre como lidamos com os dados dos utilizadores e informa\u00e7\u00f5es pessoais, sinta-se livre para entrar em contacto connosco.<\/p>\t\t\t\t\t\t\t\t<\/div>\n\t\t\t\t<\/div>\n\t\t\t\t\t<\/div>\n\t\t<\/div>\n\t\t\t\t\t<\/div>\n\t\t<\/section>\n\t\t\t\t<\/div>\n\t\t","protected":false},"excerpt":{"rendered":"<p>Pol\u00edtica de Privacidade A sua privacidade \u00e9 importante para n\u00f3s. \u00c9 pol\u00edtica de\u00a0http:\/\/truebornbeef.com\/\u00a0respeitar a sua privacidade em rela\u00e7\u00e3o a qualquer informa\u00e7\u00e3o que possamos recolher de si em todo o nosso site,\u00a0http:\/\/truebornbeef.com\/, e outros sites que possu\u00edmos e operamos. S\u00f3 pedimos informa\u00e7\u00f5es pessoais quando realmente precisamos que lhe prestar um servi\u00e7o. Recolhemo-la por meios justos e [&hellip;]<\/p>\n","protected":false},"author":1,"featured_media":0,"parent":0,"menu_order":0,"comment_status":"closed","ping_status":"closed","template":"elementor_header_footer","meta":{"footnotes":""},"class_list":["post-3027","page","type-page","status-publish","hentry"],"yoast_head":"<!-- This site is optimized with the Yoast SEO plugin v27.5 - https:\/\/yoast.com\/product\/yoast-seo-wordpress\/ -->\n<title>Pol\u00edtica de Privacidade - TrueBorn Beef<\/title>\n<meta name=\"robots\" content=\"index, follow, max-snippet:-1, max-image-preview:large, max-video-preview:-1\" \/>\n<link rel=\"canonical\" href=\"https:\/\/truebornbeef.com\/pt-pt\/politica-de-privacidade\/\" \/>\n<meta property=\"og:locale\" content=\"pt_PT\" \/>\n<meta property=\"og:type\" content=\"article\" \/>\n<meta property=\"og:title\" content=\"Pol\u00edtica de Privacidade - TrueBorn Beef\" \/>\n<meta property=\"og:description\" content=\"Pol\u00edtica de Privacidade A sua privacidade \u00e9 importante para n\u00f3s. \u00c9 pol\u00edtica de\u00a0http:\/\/truebornbeef.com\/\u00a0respeitar a sua privacidade em rela\u00e7\u00e3o a qualquer informa\u00e7\u00e3o que possamos recolher de si em todo o nosso site,\u00a0http:\/\/truebornbeef.com\/, e outros sites que possu\u00edmos e operamos. S\u00f3 pedimos informa\u00e7\u00f5es pessoais quando realmente precisamos que lhe prestar um servi\u00e7o. Recolhemo-la por meios justos e [&hellip;]\" \/>\n<meta property=\"og:url\" content=\"https:\/\/truebornbeef.com\/pt-pt\/politica-de-privacidade\/\" \/>\n<meta property=\"og:site_name\" content=\"TrueBorn Beef\" \/>\n<meta property=\"article:modified_time\" content=\"2022-10-03T16:45:06+00:00\" \/>\n<meta name=\"twitter:card\" content=\"summary_large_image\" \/>\n<meta name=\"twitter:label1\" content=\"Tempo estimado de leitura\" \/>\n\t<meta name=\"twitter:data1\" content=\"2 minutos\" \/>\n<script type=\"application\/ld+json\" class=\"yoast-schema-graph\">{\"@context\":\"https:\\\/\\\/schema.org\",\"@graph\":[{\"@type\":\"WebPage\",\"@id\":\"https:\\\/\\\/truebornbeef.com\\\/pt-pt\\\/politica-de-privacidade\\\/\",\"url\":\"https:\\\/\\\/truebornbeef.com\\\/pt-pt\\\/politica-de-privacidade\\\/\",\"name\":\"Pol\u00edtica de Privacidade - TrueBorn Beef\",\"isPartOf\":{\"@id\":\"https:\\\/\\\/truebornbeef.com\\\/pt-pt\\\/#website\"},\"datePublished\":\"2022-10-03T16:43:16+00:00\",\"dateModified\":\"2022-10-03T16:45:06+00:00\",\"breadcrumb\":{\"@id\":\"https:\\\/\\\/truebornbeef.com\\\/pt-pt\\\/politica-de-privacidade\\\/#breadcrumb\"},\"inLanguage\":\"pt-PT\",\"potentialAction\":[{\"@type\":\"ReadAction\",\"target\":[\"https:\\\/\\\/truebornbeef.com\\\/pt-pt\\\/politica-de-privacidade\\\/\"]}]},{\"@type\":\"BreadcrumbList\",\"@id\":\"https:\\\/\\\/truebornbeef.com\\\/pt-pt\\\/politica-de-privacidade\\\/#breadcrumb\",\"itemListElement\":[{\"@type\":\"ListItem\",\"position\":1,\"name\":\"Home\",\"item\":\"https:\\\/\\\/truebornbeef.com\\\/pt-pt\\\/\"},{\"@type\":\"ListItem\",\"position\":2,\"name\":\"Pol\u00edtica de Privacidade\"}]},{\"@type\":\"WebSite\",\"@id\":\"https:\\\/\\\/truebornbeef.com\\\/pt-pt\\\/#website\",\"url\":\"https:\\\/\\\/truebornbeef.com\\\/pt-pt\\\/\",\"name\":\"TrueBorn Beef\",\"description\":\"The Ultimate Grill Experience\",\"publisher\":{\"@id\":\"https:\\\/\\\/truebornbeef.com\\\/pt-pt\\\/#organization\"},\"potentialAction\":[{\"@type\":\"SearchAction\",\"target\":{\"@type\":\"EntryPoint\",\"urlTemplate\":\"https:\\\/\\\/truebornbeef.com\\\/pt-pt\\\/?s={search_term_string}\"},\"query-input\":{\"@type\":\"PropertyValueSpecification\",\"valueRequired\":true,\"valueName\":\"search_term_string\"}}],\"inLanguage\":\"pt-PT\"},{\"@type\":\"Organization\",\"@id\":\"https:\\\/\\\/truebornbeef.com\\\/pt-pt\\\/#organization\",\"name\":\"TrueBorn Beef\",\"url\":\"https:\\\/\\\/truebornbeef.com\\\/pt-pt\\\/\",\"logo\":{\"@type\":\"ImageObject\",\"inLanguage\":\"pt-PT\",\"@id\":\"https:\\\/\\\/truebornbeef.com\\\/pt-pt\\\/#\\\/schema\\\/logo\\\/image\\\/\",\"url\":\"https:\\\/\\\/i0.wp.com\\\/truebornbeef.com\\\/cms\\\/wp-content\\\/uploads\\\/2022\\\/05\\\/trueborn-logo.png?fit=85%2C48&ssl=1\",\"contentUrl\":\"https:\\\/\\\/i0.wp.com\\\/truebornbeef.com\\\/cms\\\/wp-content\\\/uploads\\\/2022\\\/05\\\/trueborn-logo.png?fit=85%2C48&ssl=1\",\"width\":85,\"height\":48,\"caption\":\"TrueBorn Beef\"},\"image\":{\"@id\":\"https:\\\/\\\/truebornbeef.com\\\/pt-pt\\\/#\\\/schema\\\/logo\\\/image\\\/\"}}]}<\/script>\n<!-- \/ Yoast SEO plugin. -->","yoast_head_json":{"title":"Pol\u00edtica de Privacidade - TrueBorn Beef","robots":{"index":"index","follow":"follow","max-snippet":"max-snippet:-1","max-image-preview":"max-image-preview:large","max-video-preview":"max-video-preview:-1"},"canonical":"https:\/\/truebornbeef.com\/pt-pt\/politica-de-privacidade\/","og_locale":"pt_PT","og_type":"article","og_title":"Pol\u00edtica de Privacidade - TrueBorn Beef","og_description":"Pol\u00edtica de Privacidade A sua privacidade \u00e9 importante para n\u00f3s. \u00c9 pol\u00edtica de\u00a0http:\/\/truebornbeef.com\/\u00a0respeitar a sua privacidade em rela\u00e7\u00e3o a qualquer informa\u00e7\u00e3o que possamos recolher de si em todo o nosso site,\u00a0http:\/\/truebornbeef.com\/, e outros sites que possu\u00edmos e operamos. S\u00f3 pedimos informa\u00e7\u00f5es pessoais quando realmente precisamos que lhe prestar um servi\u00e7o. Recolhemo-la por meios justos e [&hellip;]","og_url":"https:\/\/truebornbeef.com\/pt-pt\/politica-de-privacidade\/","og_site_name":"TrueBorn Beef","article_modified_time":"2022-10-03T16:45:06+00:00","twitter_card":"summary_large_image","twitter_misc":{"Tempo estimado de leitura":"2 minutos"},"schema":{"@context":"https:\/\/schema.org","@graph":[{"@type":"WebPage","@id":"https:\/\/truebornbeef.com\/pt-pt\/politica-de-privacidade\/","url":"https:\/\/truebornbeef.com\/pt-pt\/politica-de-privacidade\/","name":"Pol\u00edtica de Privacidade - TrueBorn Beef","isPartOf":{"@id":"https:\/\/truebornbeef.com\/pt-pt\/#website"},"datePublished":"2022-10-03T16:43:16+00:00","dateModified":"2022-10-03T16:45:06+00:00","breadcrumb":{"@id":"https:\/\/truebornbeef.com\/pt-pt\/politica-de-privacidade\/#breadcrumb"},"inLanguage":"pt-PT","potentialAction":[{"@type":"ReadAction","target":["https:\/\/truebornbeef.com\/pt-pt\/politica-de-privacidade\/"]}]},{"@type":"BreadcrumbList","@id":"https:\/\/truebornbeef.com\/pt-pt\/politica-de-privacidade\/#breadcrumb","itemListElement":[{"@type":"ListItem","position":1,"name":"Home","item":"https:\/\/truebornbeef.com\/pt-pt\/"},{"@type":"ListItem","position":2,"name":"Pol\u00edtica de Privacidade"}]},{"@type":"WebSite","@id":"https:\/\/truebornbeef.com\/pt-pt\/#website","url":"https:\/\/truebornbeef.com\/pt-pt\/","name":"TrueBorn Beef","description":"The Ultimate Grill Experience","publisher":{"@id":"https:\/\/truebornbeef.com\/pt-pt\/#organization"},"potentialAction":[{"@type":"SearchAction","target":{"@type":"EntryPoint","urlTemplate":"https:\/\/truebornbeef.com\/pt-pt\/?s={search_term_string}"},"query-input":{"@type":"PropertyValueSpecification","valueRequired":true,"valueName":"search_term_string"}}],"inLanguage":"pt-PT"},{"@type":"Organization","@id":"https:\/\/truebornbeef.com\/pt-pt\/#organization","name":"TrueBorn Beef","url":"https:\/\/truebornbeef.com\/pt-pt\/","logo":{"@type":"ImageObject","inLanguage":"pt-PT","@id":"https:\/\/truebornbeef.com\/pt-pt\/#\/schema\/logo\/image\/","url":"https:\/\/i0.wp.com\/truebornbeef.com\/cms\/wp-content\/uploads\/2022\/05\/trueborn-logo.png?fit=85%2C48&ssl=1","contentUrl":"https:\/\/i0.wp.com\/truebornbeef.com\/cms\/wp-content\/uploads\/2022\/05\/trueborn-logo.png?fit=85%2C48&ssl=1","width":85,"height":48,"caption":"TrueBorn Beef"},"image":{"@id":"https:\/\/truebornbeef.com\/pt-pt\/#\/schema\/logo\/image\/"}}]}},"jetpack_sharing_enabled":true,"_links":{"self":[{"href":"https:\/\/truebornbeef.com\/pt-pt\/wp-json\/wp\/v2\/pages\/3027","targetHints":{"allow":["GET"]}}],"collection":[{"href":"https:\/\/truebornbeef.com\/pt-pt\/wp-json\/wp\/v2\/pages"}],"about":[{"href":"https:\/\/truebornbeef.com\/pt-pt\/wp-json\/wp\/v2\/types\/page"}],"author":[{"embeddable":true,"href":"https:\/\/truebornbeef.com\/pt-pt\/wp-json\/wp\/v2\/users\/1"}],"replies":[{"embeddable":true,"href":"https:\/\/truebornbeef.com\/pt-pt\/wp-json\/wp\/v2\/comments?post=3027"}],"version-history":[{"count":0,"href":"https:\/\/truebornbeef.com\/pt-pt\/wp-json\/wp\/v2\/pages\/3027\/revisions"}],"wp:attachment":[{"href":"https:\/\/truebornbeef.com\/pt-pt\/wp-json\/wp\/v2\/media?parent=3027"}],"curies":[{"name":"wp","href":"https:\/\/api.w.org\/{rel}","templated":true}]}}